{"id":4743,"date":"2024-01-31T10:51:04","date_gmt":"2024-01-31T10:51:04","guid":{"rendered":"https:\/\/www.vergleich-sofortrente.de\/de\/?page_id=4743"},"modified":"2024-01-31T10:51:04","modified_gmt":"2024-01-31T10:51:04","slug":"pflegezusatz-versicherung","status":"publish","type":"page","link":"https:\/\/www.vergleich-sofortrente.de\/de\/pflegezusatz-versicherung\/","title":{"rendered":"Pflegezusatz Versicherung"},"content":{"rendered":"<p>Die gesetzliche Pflegeversicherung bietet lediglich einen \u201eTeilkaskoschutz\u201d und sichert im Pflegefall nur eine Grundversorgung.<\/p>\n<h2><strong>Mit welchen Kosten ist im Pflegefall zu rechnen?<\/strong><\/h2>\n<p>Es ist schwierig, hierzu eine allgemeing\u00fcltige Aussage zu treffen, da die Kosten von 3 Komponenten abh\u00e4ngig sind:<\/p>\n<ul>\n<li>dem Grad der Pflegebed\u00fcrftigkeit (Pflegestufe I, II, III)<\/li>\n<li>der Art der Pflege (h\u00e4uslich, teilstation\u00e4r, vollstation\u00e4r)<\/li>\n<li>dem Standort des Pflegeheims (bei station\u00e4rer Pflege)<\/li>\n<\/ul>\n<p>Aus Erfahrungswerten kann man die monatlichen Kosten bei station\u00e4rer Pflege in Pflegestufe III auf 3.300 \u20ac beziffern. Nach Abzug der Vorleistung der gesetzlichen Pflegeversicherung von 1.470 \u20ac verbleibt eine Versorgungsl\u00fccke von mehr als 1.800 \u20ac im Monat. Schon bei einj\u00e4hriger Verweildauer entstehen leicht Kosten in H\u00f6he von 25.000 \u20ac, in 5 Jahren bereits 125.000 \u20ac. Hiermit wird deutlich, dass die private Vorsorge unverzichtbar ist!<\/p>\n<p>Im Zweifel m\u00fcssen vorhandende Verm\u00f6genswerte aufgebraucht werden und haften Kinder finanziell f\u00fcr ihre Eltern. Grunds\u00e4tzlich lassen sich Private Pflege-(Zusatz-)versicherungen zwischen Pflegerenten-, Pflegekosten- und Pflegetageldversicherungen \u2013 je nachdem, ob der Risikotr\u00e4ger eine Lebens- oder eine Krankenversicherung ist \u2013 unterscheiden. Die Bedingungen und Preise unterscheiden ist erheblich.<\/p>\n<p>1.500 Euro monatlich m\u00fcssen Pflegebed\u00fcrftige im Durchschnitt selbst aufbringen. Wenn das eigene Geld nicht reicht, werden die Angeh\u00f6rigen zur Kasse gebeten.<\/p>\n<p><strong>Der Pflegecheck errechnet das Risiko und sagt Ihnen, ob eine Versicherung notwendig ist.<\/strong><br \/>\n<iframe loading=\"lazy\" src=\"https:\/\/www.inobroker.de\/fwd\/vergleiche\/prozess\/pflege_quickcheck.jsp?mID=42823&amp;partnerID=public\" width=\"100%\" height=\"1750\" frameborder=\"0\" seamless=\"\"><span data-mce-type=\"bookmark\" style=\"display: inline-block; width: 0px; overflow: hidden; line-height: 0;\" class=\"mce_SELRES_start\">\ufeff<\/span><\/iframe><\/p>\n","protected":false},"excerpt":{"rendered":"<p>Die gesetzliche Pflegeversicherung bietet lediglich einen \u201eTeilkaskoschutz\u201d und sichert im Pflegefall nur eine Grundversorgung. Mit welchen Kosten ist im Pflegefall zu rechnen? Es ist schwierig, hierzu eine allgemeing\u00fcltige Aussage zu treffen, da die Kosten von 3 Komponenten abh\u00e4ngig sind: dem Grad der Pflegebed\u00fcrftigkeit (Pflegestufe I, II, III) der Art der Pflege (h\u00e4uslich, teilstation\u00e4r, vollstation\u00e4r) dem [&hellip;]<\/p>\n","protected":false},"author":3,"featured_media":0,"parent":0,"menu_order":0,"comment_status":"closed","ping_status":"closed","template":"","meta":{"footnotes":""},"class_list":["post-4743","page","type-page","status-publish","hentry"],"yoast_head":"<!-- This site is optimized with the Yoast SEO Premium plugin v18.1 (Yoast SEO v27.4) - https:\/\/yoast.com\/product\/yoast-seo-premium-wordpress\/ -->\n<title>Pflegezusatz Versicherung<\/title>\n<meta name=\"description\" content=\"Pflegezusatz Versicherung \u279c Die Private Pflege-(Zusatz-)versicherung ist ein mittlerweile unverzichtbarer Zusatzschutz zur gesetzlichen Pflegeversicherung.\" \/>\n<meta name=\"robots\" content=\"index, follow, max-snippet:-1, max-image-preview:large, max-video-preview:-1\" \/>\n<link rel=\"canonical\" href=\"https:\/\/www.vergleich-sofortrente.de\/de\/pflegezusatz-versicherung\/\" \/>\n<meta property=\"og:locale\" content=\"de_DE\" \/>\n<meta property=\"og:type\" content=\"article\" \/>\n<meta property=\"og:title\" content=\"Pflegezusatz Versicherung\" \/>\n<meta property=\"og:description\" content=\"Pflegezusatz Versicherung \u279c Die Private Pflege-(Zusatz-)versicherung ist ein mittlerweile unverzichtbarer Zusatzschutz zur gesetzlichen Pflegeversicherung.\" \/>\n<meta property=\"og:url\" content=\"https:\/\/www.vergleich-sofortrente.de\/de\/pflegezusatz-versicherung\/\" \/>\n<meta property=\"og:site_name\" content=\"Finanzmanager24 - Vergleich-Sofortrente &amp; Entnahmeplan\" \/>\n<meta property=\"article:publisher\" content=\"https:\/\/www.facebook.com\/VergleichSofortrente\" \/>\n<meta name=\"twitter:card\" content=\"summary_large_image\" \/>\n<meta name=\"twitter:site\" content=\"@finanzmanager24\" \/>\n<meta name=\"twitter:label1\" content=\"Gesch\u00e4tzte Lesezeit\" \/>\n\t<meta name=\"twitter:data1\" content=\"2\u00a0Minuten\" \/>\n<script type=\"application\/ld+json\" class=\"yoast-schema-graph\">{\"@context\":\"https:\\\/\\\/schema.org\",\"@graph\":[{\"@type\":\"WebPage\",\"@id\":\"https:\\\/\\\/www.vergleich-sofortrente.de\\\/de\\\/pflegezusatz-versicherung\\\/\",\"url\":\"https:\\\/\\\/www.vergleich-sofortrente.de\\\/de\\\/pflegezusatz-versicherung\\\/\",\"name\":\"Pflegezusatz Versicherung\",\"isPartOf\":{\"@id\":\"https:\\\/\\\/www.vergleich-sofortrente.de\\\/de\\\/#website\"},\"datePublished\":\"2024-01-31T10:51:04+00:00\",\"description\":\"Pflegezusatz Versicherung \u279c Die Private Pflege-(Zusatz-)versicherung ist ein mittlerweile unverzichtbarer Zusatzschutz zur gesetzlichen Pflegeversicherung.\",\"breadcrumb\":{\"@id\":\"https:\\\/\\\/www.vergleich-sofortrente.de\\\/de\\\/pflegezusatz-versicherung\\\/#breadcrumb\"},\"inLanguage\":\"de\",\"potentialAction\":[{\"@type\":\"ReadAction\",\"target\":[\"https:\\\/\\\/www.vergleich-sofortrente.de\\\/de\\\/pflegezusatz-versicherung\\\/\"]}]},{\"@type\":\"BreadcrumbList\",\"@id\":\"https:\\\/\\\/www.vergleich-sofortrente.de\\\/de\\\/pflegezusatz-versicherung\\\/#breadcrumb\",\"itemListElement\":[{\"@type\":\"ListItem\",\"position\":1,\"name\":\"Startseite\",\"item\":\"https:\\\/\\\/www.vergleich-sofortrente.de\\\/de\\\/\"},{\"@type\":\"ListItem\",\"position\":2,\"name\":\"Pflegezusatz Versicherung\"}]},{\"@type\":\"WebSite\",\"@id\":\"https:\\\/\\\/www.vergleich-sofortrente.de\\\/de\\\/#website\",\"url\":\"https:\\\/\\\/www.vergleich-sofortrente.de\\\/de\\\/\",\"name\":\"Finanzmanager24 - Vergleich-Sofortrente & Entnahmeplan\",\"description\":\"Informationen und Vergleich Sofortrente &amp; Entnahmeplan. Mit unserem Ratgeber und Tarif-Vergleich finden Sie den passenden Anbieter f\u00fcr Ihren Auszahlplan oder Rentenzahlung.\",\"potentialAction\":[{\"@type\":\"SearchAction\",\"target\":{\"@type\":\"EntryPoint\",\"urlTemplate\":\"https:\\\/\\\/www.vergleich-sofortrente.de\\\/de\\\/?s={search_term_string}\"},\"query-input\":{\"@type\":\"PropertyValueSpecification\",\"valueRequired\":true,\"valueName\":\"search_term_string\"}}],\"inLanguage\":\"de\"}]}<\/script>\n<!-- \/ Yoast SEO Premium plugin. -->","yoast_head_json":{"title":"Pflegezusatz Versicherung","description":"Pflegezusatz Versicherung \u279c Die Private Pflege-(Zusatz-)versicherung ist ein mittlerweile unverzichtbarer Zusatzschutz zur gesetzlichen Pflegeversicherung.","robots":{"index":"index","follow":"follow","max-snippet":"max-snippet:-1","max-image-preview":"max-image-preview:large","max-video-preview":"max-video-preview:-1"},"canonical":"https:\/\/www.vergleich-sofortrente.de\/de\/pflegezusatz-versicherung\/","og_locale":"de_DE","og_type":"article","og_title":"Pflegezusatz Versicherung","og_description":"Pflegezusatz Versicherung \u279c Die Private Pflege-(Zusatz-)versicherung ist ein mittlerweile unverzichtbarer Zusatzschutz zur gesetzlichen Pflegeversicherung.","og_url":"https:\/\/www.vergleich-sofortrente.de\/de\/pflegezusatz-versicherung\/","og_site_name":"Finanzmanager24 - Vergleich-Sofortrente &amp; Entnahmeplan","article_publisher":"https:\/\/www.facebook.com\/VergleichSofortrente","twitter_card":"summary_large_image","twitter_site":"@finanzmanager24","twitter_misc":{"Gesch\u00e4tzte Lesezeit":"2\u00a0Minuten"},"schema":{"@context":"https:\/\/schema.org","@graph":[{"@type":"WebPage","@id":"https:\/\/www.vergleich-sofortrente.de\/de\/pflegezusatz-versicherung\/","url":"https:\/\/www.vergleich-sofortrente.de\/de\/pflegezusatz-versicherung\/","name":"Pflegezusatz Versicherung","isPartOf":{"@id":"https:\/\/www.vergleich-sofortrente.de\/de\/#website"},"datePublished":"2024-01-31T10:51:04+00:00","description":"Pflegezusatz Versicherung \u279c Die Private Pflege-(Zusatz-)versicherung ist ein mittlerweile unverzichtbarer Zusatzschutz zur gesetzlichen Pflegeversicherung.","breadcrumb":{"@id":"https:\/\/www.vergleich-sofortrente.de\/de\/pflegezusatz-versicherung\/#breadcrumb"},"inLanguage":"de","potentialAction":[{"@type":"ReadAction","target":["https:\/\/www.vergleich-sofortrente.de\/de\/pflegezusatz-versicherung\/"]}]},{"@type":"BreadcrumbList","@id":"https:\/\/www.vergleich-sofortrente.de\/de\/pflegezusatz-versicherung\/#breadcrumb","itemListElement":[{"@type":"ListItem","position":1,"name":"Startseite","item":"https:\/\/www.vergleich-sofortrente.de\/de\/"},{"@type":"ListItem","position":2,"name":"Pflegezusatz Versicherung"}]},{"@type":"WebSite","@id":"https:\/\/www.vergleich-sofortrente.de\/de\/#website","url":"https:\/\/www.vergleich-sofortrente.de\/de\/","name":"Finanzmanager24 - Vergleich-Sofortrente & Entnahmeplan","description":"Informationen und Vergleich Sofortrente &amp; Entnahmeplan. Mit unserem Ratgeber und Tarif-Vergleich finden Sie den passenden Anbieter f\u00fcr Ihren Auszahlplan oder Rentenzahlung.","potentialAction":[{"@type":"SearchAction","target":{"@type":"EntryPoint","urlTemplate":"https:\/\/www.vergleich-sofortrente.de\/de\/?s={search_term_string}"},"query-input":{"@type":"PropertyValueSpecification","valueRequired":true,"valueName":"search_term_string"}}],"inLanguage":"de"}]}},"_links":{"self":[{"href":"https:\/\/www.vergleich-sofortrente.de\/de\/wp-json\/wp\/v2\/pages\/4743","targetHints":{"allow":["GET"]}}],"collection":[{"href":"https:\/\/www.vergleich-sofortrente.de\/de\/wp-json\/wp\/v2\/pages"}],"about":[{"href":"https:\/\/www.vergleich-sofortrente.de\/de\/wp-json\/wp\/v2\/types\/page"}],"author":[{"embeddable":true,"href":"https:\/\/www.vergleich-sofortrente.de\/de\/wp-json\/wp\/v2\/users\/3"}],"replies":[{"embeddable":true,"href":"https:\/\/www.vergleich-sofortrente.de\/de\/wp-json\/wp\/v2\/comments?post=4743"}],"version-history":[{"count":1,"href":"https:\/\/www.vergleich-sofortrente.de\/de\/wp-json\/wp\/v2\/pages\/4743\/revisions"}],"predecessor-version":[{"id":4745,"href":"https:\/\/www.vergleich-sofortrente.de\/de\/wp-json\/wp\/v2\/pages\/4743\/revisions\/4745"}],"wp:attachment":[{"href":"https:\/\/www.vergleich-sofortrente.de\/de\/wp-json\/wp\/v2\/media?parent=4743"}],"curies":[{"name":"wp","href":"https:\/\/api.w.org\/{rel}","templated":true}]}}