{"id":4543,"date":"2023-10-29T13:35:46","date_gmt":"2023-10-29T13:35:46","guid":{"rendered":"https:\/\/www.vergleich-sofortrente.de\/de\/?page_id=4543"},"modified":"2023-10-29T13:35:46","modified_gmt":"2023-10-29T13:35:46","slug":"faq-haeufig-gestellte-fragen-zur-pflegerentenversicherung","status":"publish","type":"page","link":"https:\/\/www.vergleich-sofortrente.de\/de\/faq-haeufig-gestellte-fragen-zur-pflegerentenversicherung\/","title":{"rendered":"FAQ &#8211; H\u00e4ufig gestellte Fragen zur Pflegerentenversicherung"},"content":{"rendered":"<p>Die Pflegerentenversicherung ist eine wichtige S\u00e4ule der pers\u00f6nlichen Altersvorsorge und Pflegeplanung. Sie bietet finanzielle Sicherheit und Unterst\u00fctzung, wenn die gesetzliche Pflegeversicherung nicht ausreicht. In diesem Beitrag beantworten wir h\u00e4ufig gestellte Fragen, um Ihnen bei der Entscheidung f\u00fcr die richtige Pflegerentenversicherung zu helfen<\/p>\n<div class=\"porto-faqs porto-faqse4kg wpb_content_element \">\r\n\t<div class=\"page-faqs clearfix wpb_custom_7fe7ddf8f1a240d6488c8a8c41279112\" id=\"porto_faqs_u7g9\">\r\n\r\n\t\t\r\n\t\t\r\n\t\t<div class=\"faq-row faqs-container\">\r\n\t\t\t\r\n<div class=\"faq pflegerentenversicherung post-4552 type-faq status-publish hentry faq_cat-pflegerentenversicherung\">\r\n\t<section class=\"toggle\">\r\n\t\t<label>Was passiert, wenn ich die Versicherung k\u00fcndige?<\/label>\r\n\t\t<div class=\"toggle-content\">\r\n\t\t<h3 class=\"entry-title\" style=\"display: none;\">Was passiert, wenn ich die Versicherung k\u00fcndige?<\/h3><span class=\"vcard\" style=\"display: none;\"><span class=\"fn\"><a href=\"https:\/\/www.vergleich-sofortrente.de\/de\/author\/wedler\/\" title=\"Beitr\u00e4ge von Dirk Wedler\" rel=\"author\">Dirk Wedler<\/a><\/span><\/span><span class=\"updated\" style=\"display:none\">2023-10-29T13:33:55+00:00<\/span>Bei einer K\u00fcndigung der Pflegerentenversicherung gehen in der Regel die bis dahin gezahlten Beitr\u00e4ge verloren. Eine sorgf\u00e4ltige \u00dcberlegung vor Abschluss der Versicherung ist daher wichtig.\t\t<\/div>\r\n\t<\/section>\r\n<\/div>\r\n\r\n<div class=\"faq pflegerentenversicherung post-4550 type-faq status-publish hentry faq_cat-pflegerentenversicherung\">\r\n\t<section class=\"toggle\">\r\n\t\t<label>Gibt es Zusatzleistungen in der Pflegerentenversicherung?<\/label>\r\n\t\t<div class=\"toggle-content\">\r\n\t\t<h3 class=\"entry-title\" style=\"display: none;\">Gibt es Zusatzleistungen in der Pflegerentenversicherung?<\/h3><span class=\"vcard\" style=\"display: none;\"><span class=\"fn\"><a href=\"https:\/\/www.vergleich-sofortrente.de\/de\/author\/wedler\/\" title=\"Beitr\u00e4ge von Dirk Wedler\" rel=\"author\">Dirk Wedler<\/a><\/span><\/span><span class=\"updated\" style=\"display:none\">2023-10-29T13:33:31+00:00<\/span>Ja, viele Anbieter, wie zum Beispiel die Allianz, bieten Zusatzleistungen wie Beratungsdienste, Vermittlung von Pflegepl\u00e4tzen und Unterst\u00fctzung im Alltag an.\t\t<\/div>\r\n\t<\/section>\r\n<\/div>\r\n\r\n<div class=\"faq pflegerentenversicherung post-4548 type-faq status-publish hentry faq_cat-pflegerentenversicherung\">\r\n\t<section class=\"toggle\">\r\n\t\t<label>Welche Faktoren beeinflussen die H\u00f6he der Beitr\u00e4ge?<\/label>\r\n\t\t<div class=\"toggle-content\">\r\n\t\t<h3 class=\"entry-title\" style=\"display: none;\">Welche Faktoren beeinflussen die H\u00f6he der Beitr\u00e4ge?<\/h3><span class=\"vcard\" style=\"display: none;\"><span class=\"fn\"><a href=\"https:\/\/www.vergleich-sofortrente.de\/de\/author\/wedler\/\" title=\"Beitr\u00e4ge von Dirk Wedler\" rel=\"author\">Dirk Wedler<\/a><\/span><\/span><span class=\"updated\" style=\"display:none\">2023-10-29T13:33:02+00:00<\/span>Die Beitragsh\u00f6he wird beeinflusst durch Ihr Alter bei Vertragsabschluss, Ihren Gesundheitszustand und den gew\u00e4hlten Leistungsumfang.\t\t<\/div>\r\n\t<\/section>\r\n<\/div>\r\n\r\n<div class=\"faq pflegerentenversicherung post-4546 type-faq status-publish hentry faq_cat-pflegerentenversicherung\">\r\n\t<section class=\"toggle\">\r\n\t\t<label>Wann sollte man eine Pflegerentenversicherung abschlie\u00dfen?<\/label>\r\n\t\t<div class=\"toggle-content\">\r\n\t\t<h3 class=\"entry-title\" style=\"display: none;\">Wann sollte man eine Pflegerentenversicherung abschlie\u00dfen?<\/h3><span class=\"vcard\" style=\"display: none;\"><span class=\"fn\"><a href=\"https:\/\/www.vergleich-sofortrente.de\/de\/author\/wedler\/\" title=\"Beitr\u00e4ge von Dirk Wedler\" rel=\"author\">Dirk Wedler<\/a><\/span><\/span><span class=\"updated\" style=\"display:none\">2023-10-29T13:32:36+00:00<\/span>Idealerweise schlie\u00dfen Sie eine Pflegerentenversicherung in j\u00fcngeren Jahren ab. Je fr\u00fcher der Abschluss, desto g\u00fcnstiger sind in der Regel die Beitr\u00e4ge.\t\t<\/div>\r\n\t<\/section>\r\n<\/div>\r\n\r\n<div class=\"faq pflegerentenversicherung post-4544 type-faq status-publish hentry faq_cat-pflegerentenversicherung\">\r\n\t<section class=\"toggle\">\r\n\t\t<label>Kann man die Pflegerentenversicherung steuerlich absetzen?<\/label>\r\n\t\t<div class=\"toggle-content\">\r\n\t\t<h3 class=\"entry-title\" style=\"display: none;\">Kann man die Pflegerentenversicherung steuerlich absetzen?<\/h3><span class=\"vcard\" style=\"display: none;\"><span class=\"fn\"><a href=\"https:\/\/www.vergleich-sofortrente.de\/de\/author\/wedler\/\" title=\"Beitr\u00e4ge von Dirk Wedler\" rel=\"author\">Dirk Wedler<\/a><\/span><\/span><span class=\"updated\" style=\"display:none\">2023-10-29T13:32:12+00:00<\/span>Ja, die Beitr\u00e4ge zur Pflegerentenversicherung k\u00f6nnen als Vorsorgeaufwendungen steuerlich geltend gemacht werden. Dies bietet einen zus\u00e4tzlichen finanziellen Anreiz f\u00fcr den Abschluss einer solchen Versicherung.\t\t<\/div>\r\n\t<\/section>\r\n<\/div>\r\n\r\n<div class=\"faq pflegerentenversicherung post-4539 type-faq status-publish hentry faq_cat-pflegerentenversicherung\">\r\n\t<section class=\"toggle\">\r\n\t\t<label>Wie unterscheidet sich die Pflegerentenversicherung von der Pflegeversicherung?<\/label>\r\n\t\t<div class=\"toggle-content\">\r\n\t\t<h3 class=\"entry-title\" style=\"display: none;\">Wie unterscheidet sich die Pflegerentenversicherung von der Pflegeversicherung?<\/h3><span class=\"vcard\" style=\"display: none;\"><span class=\"fn\"><a href=\"https:\/\/www.vergleich-sofortrente.de\/de\/author\/wedler\/\" title=\"Beitr\u00e4ge von Dirk Wedler\" rel=\"author\">Dirk Wedler<\/a><\/span><\/span><span class=\"updated\" style=\"display:none\">2023-10-29T13:31:47+00:00<\/span>Die Pflegerentenversicherung ist eine private Zusatzversicherung, die \u00fcber die Leistungen der gesetzlichen Pflegeversicherung hinausgeht. Sie zahlt im Pflegefall eine vereinbarte Rente, unabh\u00e4ngig von den Leistungen der gesetzlichen Versicherung.\t\t<\/div>\r\n\t<\/section>\r\n<\/div>\r\n\t\t<\/div>\r\n\r\n\t\t\r\n\t<\/div>\r\n\r\n\t\r\n\t<\/div>\n","protected":false},"excerpt":{"rendered":"<p>Die Pflegerentenversicherung ist eine wichtige S\u00e4ule der pers\u00f6nlichen Altersvorsorge und Pflegeplanung. Sie bietet finanzielle Sicherheit und Unterst\u00fctzung, wenn die gesetzliche Pflegeversicherung nicht ausreicht. In diesem Beitrag beantworten wir h\u00e4ufig gestellte Fragen, um Ihnen bei der Entscheidung f\u00fcr die richtige Pflegerentenversicherung zu helfen<\/p>\n","protected":false},"author":3,"featured_media":0,"parent":0,"menu_order":0,"comment_status":"closed","ping_status":"closed","template":"","meta":{"footnotes":""},"class_list":["post-4543","page","type-page","status-publish","hentry"],"yoast_head":"<!-- This site is optimized with the Yoast SEO Premium plugin v18.1 (Yoast SEO v27.4) - https:\/\/yoast.com\/product\/yoast-seo-premium-wordpress\/ -->\n<title>FAQ - H\u00e4ufig gestellte Fragen zur Pflegerentenversicherung<\/title>\n<meta name=\"description\" content=\"Entdecken Sie Antworten auf h\u00e4ufig gestellte Fragen zur Pflegerentenversicherung \u2013 Unterschiede, Steuervorteile, Beitr\u00e4ge und mehr.\" \/>\n<meta name=\"robots\" content=\"index, follow, max-snippet:-1, max-image-preview:large, max-video-preview:-1\" \/>\n<link rel=\"canonical\" href=\"https:\/\/www.vergleich-sofortrente.de\/de\/faq-haeufig-gestellte-fragen-zur-pflegerentenversicherung\/\" \/>\n<meta property=\"og:locale\" content=\"de_DE\" \/>\n<meta property=\"og:type\" content=\"article\" \/>\n<meta property=\"og:title\" content=\"FAQ - H\u00e4ufig gestellte Fragen zur Pflegerentenversicherung\" \/>\n<meta property=\"og:description\" content=\"Entdecken Sie Antworten auf h\u00e4ufig gestellte Fragen zur Pflegerentenversicherung \u2013 Unterschiede, Steuervorteile, Beitr\u00e4ge und mehr.\" \/>\n<meta property=\"og:url\" content=\"https:\/\/www.vergleich-sofortrente.de\/de\/faq-haeufig-gestellte-fragen-zur-pflegerentenversicherung\/\" \/>\n<meta property=\"og:site_name\" content=\"Finanzmanager24 - Vergleich-Sofortrente &amp; Entnahmeplan\" \/>\n<meta property=\"article:publisher\" content=\"https:\/\/www.facebook.com\/VergleichSofortrente\" \/>\n<meta name=\"twitter:card\" content=\"summary_large_image\" \/>\n<meta name=\"twitter:site\" content=\"@finanzmanager24\" \/>\n<meta name=\"twitter:label1\" content=\"Gesch\u00e4tzte Lesezeit\" \/>\n\t<meta name=\"twitter:data1\" content=\"1\u00a0Minute\" \/>\n<script type=\"application\/ld+json\" class=\"yoast-schema-graph\">{\"@context\":\"https:\\\/\\\/schema.org\",\"@graph\":[{\"@type\":\"WebPage\",\"@id\":\"https:\\\/\\\/www.vergleich-sofortrente.de\\\/de\\\/faq-haeufig-gestellte-fragen-zur-pflegerentenversicherung\\\/\",\"url\":\"https:\\\/\\\/www.vergleich-sofortrente.de\\\/de\\\/faq-haeufig-gestellte-fragen-zur-pflegerentenversicherung\\\/\",\"name\":\"FAQ - H\u00e4ufig gestellte Fragen zur Pflegerentenversicherung\",\"isPartOf\":{\"@id\":\"https:\\\/\\\/www.vergleich-sofortrente.de\\\/de\\\/#website\"},\"datePublished\":\"2023-10-29T13:35:46+00:00\",\"description\":\"Entdecken Sie Antworten auf h\u00e4ufig gestellte Fragen zur Pflegerentenversicherung \u2013 Unterschiede, Steuervorteile, Beitr\u00e4ge und mehr.\",\"breadcrumb\":{\"@id\":\"https:\\\/\\\/www.vergleich-sofortrente.de\\\/de\\\/faq-haeufig-gestellte-fragen-zur-pflegerentenversicherung\\\/#breadcrumb\"},\"inLanguage\":\"de\",\"potentialAction\":[{\"@type\":\"ReadAction\",\"target\":[\"https:\\\/\\\/www.vergleich-sofortrente.de\\\/de\\\/faq-haeufig-gestellte-fragen-zur-pflegerentenversicherung\\\/\"]}]},{\"@type\":\"BreadcrumbList\",\"@id\":\"https:\\\/\\\/www.vergleich-sofortrente.de\\\/de\\\/faq-haeufig-gestellte-fragen-zur-pflegerentenversicherung\\\/#breadcrumb\",\"itemListElement\":[{\"@type\":\"ListItem\",\"position\":1,\"name\":\"Startseite\",\"item\":\"https:\\\/\\\/www.vergleich-sofortrente.de\\\/de\\\/\"},{\"@type\":\"ListItem\",\"position\":2,\"name\":\"FAQ &#8211; H\u00e4ufig gestellte Fragen zur Pflegerentenversicherung\"}]},{\"@type\":\"WebSite\",\"@id\":\"https:\\\/\\\/www.vergleich-sofortrente.de\\\/de\\\/#website\",\"url\":\"https:\\\/\\\/www.vergleich-sofortrente.de\\\/de\\\/\",\"name\":\"Finanzmanager24 - Vergleich-Sofortrente & Entnahmeplan\",\"description\":\"Informationen und Vergleich Sofortrente &amp; Entnahmeplan. Mit unserem Ratgeber und Tarif-Vergleich finden Sie den passenden Anbieter f\u00fcr Ihren Auszahlplan oder Rentenzahlung.\",\"potentialAction\":[{\"@type\":\"SearchAction\",\"target\":{\"@type\":\"EntryPoint\",\"urlTemplate\":\"https:\\\/\\\/www.vergleich-sofortrente.de\\\/de\\\/?s={search_term_string}\"},\"query-input\":{\"@type\":\"PropertyValueSpecification\",\"valueRequired\":true,\"valueName\":\"search_term_string\"}}],\"inLanguage\":\"de\"}]}<\/script>\n<!-- \/ Yoast SEO Premium plugin. -->","yoast_head_json":{"title":"FAQ - H\u00e4ufig gestellte Fragen zur Pflegerentenversicherung","description":"Entdecken Sie Antworten auf h\u00e4ufig gestellte Fragen zur Pflegerentenversicherung \u2013 Unterschiede, Steuervorteile, Beitr\u00e4ge und mehr.","robots":{"index":"index","follow":"follow","max-snippet":"max-snippet:-1","max-image-preview":"max-image-preview:large","max-video-preview":"max-video-preview:-1"},"canonical":"https:\/\/www.vergleich-sofortrente.de\/de\/faq-haeufig-gestellte-fragen-zur-pflegerentenversicherung\/","og_locale":"de_DE","og_type":"article","og_title":"FAQ - H\u00e4ufig gestellte Fragen zur Pflegerentenversicherung","og_description":"Entdecken Sie Antworten auf h\u00e4ufig gestellte Fragen zur Pflegerentenversicherung \u2013 Unterschiede, Steuervorteile, Beitr\u00e4ge und mehr.","og_url":"https:\/\/www.vergleich-sofortrente.de\/de\/faq-haeufig-gestellte-fragen-zur-pflegerentenversicherung\/","og_site_name":"Finanzmanager24 - Vergleich-Sofortrente &amp; Entnahmeplan","article_publisher":"https:\/\/www.facebook.com\/VergleichSofortrente","twitter_card":"summary_large_image","twitter_site":"@finanzmanager24","twitter_misc":{"Gesch\u00e4tzte Lesezeit":"1\u00a0Minute"},"schema":{"@context":"https:\/\/schema.org","@graph":[{"@type":"WebPage","@id":"https:\/\/www.vergleich-sofortrente.de\/de\/faq-haeufig-gestellte-fragen-zur-pflegerentenversicherung\/","url":"https:\/\/www.vergleich-sofortrente.de\/de\/faq-haeufig-gestellte-fragen-zur-pflegerentenversicherung\/","name":"FAQ - H\u00e4ufig gestellte Fragen zur Pflegerentenversicherung","isPartOf":{"@id":"https:\/\/www.vergleich-sofortrente.de\/de\/#website"},"datePublished":"2023-10-29T13:35:46+00:00","description":"Entdecken Sie Antworten auf h\u00e4ufig gestellte Fragen zur Pflegerentenversicherung \u2013 Unterschiede, Steuervorteile, Beitr\u00e4ge und mehr.","breadcrumb":{"@id":"https:\/\/www.vergleich-sofortrente.de\/de\/faq-haeufig-gestellte-fragen-zur-pflegerentenversicherung\/#breadcrumb"},"inLanguage":"de","potentialAction":[{"@type":"ReadAction","target":["https:\/\/www.vergleich-sofortrente.de\/de\/faq-haeufig-gestellte-fragen-zur-pflegerentenversicherung\/"]}]},{"@type":"BreadcrumbList","@id":"https:\/\/www.vergleich-sofortrente.de\/de\/faq-haeufig-gestellte-fragen-zur-pflegerentenversicherung\/#breadcrumb","itemListElement":[{"@type":"ListItem","position":1,"name":"Startseite","item":"https:\/\/www.vergleich-sofortrente.de\/de\/"},{"@type":"ListItem","position":2,"name":"FAQ &#8211; H\u00e4ufig gestellte Fragen zur Pflegerentenversicherung"}]},{"@type":"WebSite","@id":"https:\/\/www.vergleich-sofortrente.de\/de\/#website","url":"https:\/\/www.vergleich-sofortrente.de\/de\/","name":"Finanzmanager24 - Vergleich-Sofortrente & Entnahmeplan","description":"Informationen und Vergleich Sofortrente &amp; Entnahmeplan. Mit unserem Ratgeber und Tarif-Vergleich finden Sie den passenden Anbieter f\u00fcr Ihren Auszahlplan oder Rentenzahlung.","potentialAction":[{"@type":"SearchAction","target":{"@type":"EntryPoint","urlTemplate":"https:\/\/www.vergleich-sofortrente.de\/de\/?s={search_term_string}"},"query-input":{"@type":"PropertyValueSpecification","valueRequired":true,"valueName":"search_term_string"}}],"inLanguage":"de"}]}},"_links":{"self":[{"href":"https:\/\/www.vergleich-sofortrente.de\/de\/wp-json\/wp\/v2\/pages\/4543","targetHints":{"allow":["GET"]}}],"collection":[{"href":"https:\/\/www.vergleich-sofortrente.de\/de\/wp-json\/wp\/v2\/pages"}],"about":[{"href":"https:\/\/www.vergleich-sofortrente.de\/de\/wp-json\/wp\/v2\/types\/page"}],"author":[{"embeddable":true,"href":"https:\/\/www.vergleich-sofortrente.de\/de\/wp-json\/wp\/v2\/users\/3"}],"replies":[{"embeddable":true,"href":"https:\/\/www.vergleich-sofortrente.de\/de\/wp-json\/wp\/v2\/comments?post=4543"}],"version-history":[{"count":1,"href":"https:\/\/www.vergleich-sofortrente.de\/de\/wp-json\/wp\/v2\/pages\/4543\/revisions"}],"predecessor-version":[{"id":4554,"href":"https:\/\/www.vergleich-sofortrente.de\/de\/wp-json\/wp\/v2\/pages\/4543\/revisions\/4554"}],"wp:attachment":[{"href":"https:\/\/www.vergleich-sofortrente.de\/de\/wp-json\/wp\/v2\/media?parent=4543"}],"curies":[{"name":"wp","href":"https:\/\/api.w.org\/{rel}","templated":true}]}}