{"id":4495,"date":"2023-10-12T14:02:27","date_gmt":"2023-10-12T14:02:27","guid":{"rendered":"https:\/\/www.vergleich-sofortrente.de\/de\/?page_id=4495"},"modified":"2024-08-15T11:22:29","modified_gmt":"2024-08-15T11:22:29","slug":"vergleich-basis-sofortrente-kostenfrei-anfordern","status":"publish","type":"page","link":"https:\/\/www.vergleich-sofortrente.de\/de\/vergleich-basis-sofortrente-kostenfrei-anfordern\/","title":{"rendered":"Vergleich Basis Sofortrente kostenfrei anfordern"},"content":{"rendered":"<div class=\"wpb-content-wrapper\"><p>[vc_row is_section=&#8221;yes&#8221; section_skin=&#8221;tertiary&#8221;][vc_column][vc_column_text]<\/p>\n<h1>So einfach geht\u00b4s &#8211; Jetzt Vergleich Sofortrente kostenfrei anfordern<\/h1>\n<p>Gerne senden wir Ihnen den Vergleich oder ein Angebot kostenfrei per E-Mail oder Brief zu. Wir ben\u00f6tigen jedoch einige Angaben von Ihnen, um die passende Berechnung durchzuf\u00fchren.<\/p>\n<ul>\n<li><strong>Angaben zur Rente:<\/strong> hier m\u00f6chten wir wissen, welche Form der Rentenzahlung und Absicherung im Todesfall Sie w\u00fcnschen.<\/li>\n<li>\n<div id=\"gf_step_1_2\" class=\"gf_step gf_step_next gf_step_pending\"><span class=\"gf_step_label\"><strong>Angaben zum Beitrag<\/strong>: welchen Betrag m\u00f6chten Sie anlegen und wann ist Ihr Geburtstag<\/span><\/div>\n<\/li>\n<li><strong>Kontaktdaten: <\/strong>Wir ben\u00f6tigen nur wenige Daten, Ihren Namen sowie eine E-Mailadresse und eine Telefonnummer f\u00fcr R\u00fcckfragen<\/li>\n<\/ul>\n<p>Bitte geben Sie Ihre Anschrift an, wenn Sie die Unterlagen per Brief erhalten m\u00f6chten.[\/vc_column_text][\/vc_column][\/vc_row][vc_row][vc_column width=&#8221;2\/3&#8243;][vc_raw_js]JTNDZGl2JTIwaWQlM0QlMjJ6Zl9kaXZfUHRMdEljbmlFZ3FUd3VGbnNTS0VpcWpEQUdqendVb2duREhkbjhkT3FmQSUyMiUzRSUzQyUyRmRpdiUzRSUzQ3NjcmlwdCUyMHR5cGUlM0QlMjJ0ZXh0JTJGamF2YXNjcmlwdCUyMiUzRSUyOGZ1bmN0aW9uJTI4JTI5JTIwJTdCJTBBdHJ5JTdCJTBBdmFyJTIwZiUyMCUzRCUyMGRvY3VtZW50LmNyZWF0ZUVsZW1lbnQlMjglMjJpZnJhbWUlMjIlMjklM0IlMEFmLnNyYyUyMCUzRCUyMCUyN2h0dHBzJTNBJTJGJTJGZm9ybXMuZmluYW56bWFuYWdlcjI0LmRlJTJGZm0yNCUyRmZvcm0lMkZWZXJnbGVpY2hTb2ZvcnRyZW50ZW5ldSUyRmZvcm1wZXJtYSUyRlB0THRJY25pRWdxVHd1Rm5zU0tFaXFqREFHanp3VW9nbkRIZG44ZE9xZkElM0Z6Zl9yc3pmbSUzRDElMjclM0IlMEFmLnN0eWxlLmJvcmRlciUzRCUyMm5vbmUlMjIlM0IlMEFmLnN0eWxlLmhlaWdodCUzRCUyMjU0MnB4JTIyJTNCJTBBZi5zdHlsZS53aWR0aCUzRCUyMjkwJTI1JTIyJTNCJTBBZi5zdHlsZS50cmFuc2l0aW9uJTNEJTIyYWxsJTIwMC41cyUyMGVhc2UlMjIlM0IlMEElMEF2YXIlMjBkJTIwJTNEJTIwZG9jdW1lbnQuZ2V0RWxlbWVudEJ5SWQlMjglMjJ6Zl9kaXZfUHRMdEljbmlFZ3FUd3VGbnNTS0VpcWpEQUdqendVb2duREhkbjhkT3FmQSUyMiUyOSUzQiUwQWQuYXBwZW5kQ2hpbGQlMjhmJTI5JTNCJTBBd2luZG93LmFkZEV2ZW50TGlzdGVuZXIlMjglMjdtZXNzYWdlJTI3JTJDJTIwZnVuY3Rpb24lMjAlMjglMjklN0IlMEF2YXIlMjBldm50RGF0YSUyMCUzRCUyMGV2ZW50LmRhdGElM0IlMEFpZiUyOCUyMGV2bnREYXRhJTIwJTI2JTI2JTIwZXZudERhdGEuY29uc3RydWN0b3IlMjAlM0QlM0QlMjBTdHJpbmclMjAlMjklN0IlMEF2YXIlMjB6Zl9pZnJtX2RhdGElMjAlM0QlMjBldm50RGF0YS5zcGxpdCUyOCUyMiU3QyUyMiUyOSUzQiUwQWlmJTIwJTI4JTIwemZfaWZybV9kYXRhLmxlbmd0aCUyMCUzRCUzRCUyMDIlMjAlMjklMjAlN0IlMEF2YXIlMjB6Zl9wZXJtYSUyMCUzRCUyMHpmX2lmcm1fZGF0YSU1QjAlNUQlM0IlMEF2YXIlMjB6Zl9pZnJtX2h0X253JTIwJTNEJTIwJTI4JTIwcGFyc2VJbnQlMjh6Zl9pZnJtX2RhdGElNUIxJTVEJTJDJTIwMTAlMjklMjAlMkIlMjAxNSUyMCUyOSUyMCUyQiUyMCUyMnB4JTIyJTNCJTBBdmFyJTIwaWZyYW1lJTIwJTNEJTIwZG9jdW1lbnQuZ2V0RWxlbWVudEJ5SWQlMjglMjJ6Zl9kaXZfUHRMdEljbmlFZ3FUd3VGbnNTS0VpcWpEQUdqendVb2duREhkbjhkT3FmQSUyMiUyOS5nZXRFbGVtZW50c0J5VGFnTmFtZSUyOCUyMmlmcmFtZSUyMiUyOSU1QjAlNUQlM0IlMEFpZiUyMCUyOCUyMCUyOGlmcmFtZS5zcmMlMjkuaW5kZXhPZiUyOCUyN2Zvcm1wZXJtYSUyNyUyOSUyMCUzRSUyMDAlMjAlMjYlMjYlMjAlMjhpZnJhbWUuc3JjJTI5LmluZGV4T2YlMjh6Zl9wZXJtYSUyOSUyMCUzRSUyMDAlMjAlMjklMjAlN0IlMEF2YXIlMjBwcmV2SWZyYW1lSGVpZ2h0JTIwJTNEJTIwaWZyYW1lLnN0eWxlLmhlaWdodCUzQiUwQWlmJTIwJTI4JTIwcHJldklmcmFtZUhlaWdodCUyMCUyMSUzRCUyMHpmX2lmcm1faHRfbnclMjAlMjklMjAlN0IlMEFpZnJhbWUuc3R5bGUuaGVpZ2h0JTIwJTNEJTIwemZfaWZybV9odF9udyUzQiUwQSU3RCUwQSU3RCUwQSU3RCUwQSU3RCUwQSU3RCUyQyUyMGZhbHNlJTI5JTNCJTBBJTdEY2F0Y2glMjhlJTI5JTdCJTdEJTBBJTdEJTI5JTI4JTI5JTNCJTNDJTJGc2NyaXB0JTNF[\/vc_raw_js][\/vc_column][vc_column width=&#8221;1\/3&#8243;][vc_column_text]<\/p>\n<h4 class=\"pull-top\">Fordern Sie Ihr pers\u00f6nliches individuelles <strong>Angebot<\/strong> an.<\/h4>\n<p><strong>Bitte tragen Sie alle Daten im Formular ein.<\/strong> Mit einem Klick senden Sie Ihre Anfrage an uns ab.<\/p>\n<hr \/>\n<p><strong>Innerhalb von 1 bis 2 Tagen <\/strong>erhalten Sie Ihren Vergleich per Email oder Post zugeschickt, darin sehen Sie alle Daten schwarz auf wei\u00df.<\/p>\n<hr \/>\n<p>Ihr Berater wird dann alle Details zum Angebot mit Ihnen am Telefon besprechen, oder einen Beratungstermin vereinbaren<\/p>\n<hr \/>\n<p>Sie selbst w\u00e4hlen aus den Vorschl\u00e4gen aus \u2013 und Ihr Berater erledigt alle Formalit\u00e4ten.<\/p>\n<hr \/>\n<p>Wir beraten Sie unabh\u00e4ngig und kompetent. F\u00fcr ein Beratungsgespr\u00e4ch stehen wir vor Ort, telefonisch oder per Onlinekonferenz gern zur Verf\u00fcgung. Die Beratung ist nat\u00fcrlich auch v\u00f6llig kostenlos!<\/p>\n<h4>Sie erreichen uns per <strong>Telefon und E-Mail<\/strong><\/h4>\n<ul class=\"list-unstyled\">\n<li><i class=\"icon icon-phone\"><\/i> <strong>Telefone:<\/strong> (0800) 80 800 24<\/li>\n<li><i class=\"icon icon-envelope\"><\/i> <strong>Email:<\/strong> <a href=\"mailto:anfrage@finanzmanager24.de\">anfrage@finanzmanager24.de<\/a><\/li>\n<\/ul>\n<hr \/>\n<h4>Wir sind <strong>f\u00fcr Sie da<\/strong><\/h4>\n<ul class=\"list-unstyled\">\n<li><i class=\"icon icon-time\"><\/i> Montag &#8211; Freitag 9.00 bis 19.00 Uhr<\/li>\n<li><i class=\"icon icon-time\"><\/i> Samstag &#8211; 9.00 bis 13.00 Uhr<\/li>\n<li><i class=\"icon icon-time\"><\/i> Nach Vereinabrung gern auch nach 19.00 Uhr und am Wochenende.<\/li>\n<\/ul>\n<p>[\/vc_column_text][\/vc_column][\/vc_row]<\/p>\n<\/div>","protected":false},"excerpt":{"rendered":"<p>[vc_row is_section=&#8221;yes&#8221; section_skin=&#8221;tertiary&#8221;][vc_column][vc_column_text] So einfach geht\u00b4s &#8211; Jetzt Vergleich Sofortrente kostenfrei anfordern Gerne senden wir Ihnen den Vergleich oder ein Angebot kostenfrei per E-Mail oder Brief zu. Wir ben\u00f6tigen jedoch einige Angaben von Ihnen, um die passende Berechnung durchzuf\u00fchren. Angaben zur Rente: hier m\u00f6chten wir wissen, welche Form der Rentenzahlung und Absicherung im Todesfall Sie [&hellip;]<\/p>\n","protected":false},"author":3,"featured_media":0,"parent":0,"menu_order":0,"comment_status":"closed","ping_status":"closed","template":"","meta":{"footnotes":""},"class_list":["post-4495","page","type-page","status-publish","hentry"],"yoast_head":"<!-- This site is optimized with the Yoast SEO Premium plugin v18.1 (Yoast SEO v27.4) - https:\/\/yoast.com\/product\/yoast-seo-premium-wordpress\/ -->\n<title>Vergleich Basis Sofortrente kostenfrei anfordern<\/title>\n<meta name=\"description\" content=\"Gerne senden wir Ihnen den Vergleich der Basis Sofortrente oder ein Angebot kostenfrei per E-Mail oder Brief zu.\" \/>\n<meta name=\"robots\" content=\"index, follow, max-snippet:-1, max-image-preview:large, max-video-preview:-1\" \/>\n<link rel=\"canonical\" href=\"https:\/\/www.vergleich-sofortrente.de\/de\/vergleich-basis-sofortrente-kostenfrei-anfordern\/\" \/>\n<meta property=\"og:locale\" content=\"de_DE\" \/>\n<meta property=\"og:type\" content=\"article\" \/>\n<meta property=\"og:title\" content=\"Vergleich Basis Sofortrente kostenfrei anfordern\" \/>\n<meta property=\"og:description\" content=\"Gerne senden wir Ihnen den Vergleich der Basis Sofortrente oder ein Angebot kostenfrei per E-Mail oder Brief zu.\" \/>\n<meta property=\"og:url\" content=\"https:\/\/www.vergleich-sofortrente.de\/de\/vergleich-basis-sofortrente-kostenfrei-anfordern\/\" \/>\n<meta property=\"og:site_name\" content=\"Finanzmanager24 - Vergleich-Sofortrente &amp; Entnahmeplan\" \/>\n<meta property=\"article:publisher\" content=\"https:\/\/www.facebook.com\/VergleichSofortrente\" \/>\n<meta property=\"article:modified_time\" content=\"2024-08-15T11:22:29+00:00\" \/>\n<meta name=\"twitter:card\" content=\"summary_large_image\" \/>\n<meta name=\"twitter:site\" content=\"@finanzmanager24\" \/>\n<meta name=\"twitter:label1\" content=\"Gesch\u00e4tzte Lesezeit\" \/>\n\t<meta name=\"twitter:data1\" content=\"2\u00a0Minuten\" \/>\n<script type=\"application\/ld+json\" class=\"yoast-schema-graph\">{\"@context\":\"https:\\\/\\\/schema.org\",\"@graph\":[{\"@type\":\"WebPage\",\"@id\":\"https:\\\/\\\/www.vergleich-sofortrente.de\\\/de\\\/vergleich-basis-sofortrente-kostenfrei-anfordern\\\/\",\"url\":\"https:\\\/\\\/www.vergleich-sofortrente.de\\\/de\\\/vergleich-basis-sofortrente-kostenfrei-anfordern\\\/\",\"name\":\"Vergleich Basis Sofortrente kostenfrei anfordern\",\"isPartOf\":{\"@id\":\"https:\\\/\\\/www.vergleich-sofortrente.de\\\/de\\\/#website\"},\"datePublished\":\"2023-10-12T14:02:27+00:00\",\"dateModified\":\"2024-08-15T11:22:29+00:00\",\"description\":\"Gerne senden wir Ihnen den Vergleich der Basis Sofortrente oder ein Angebot kostenfrei per E-Mail oder Brief zu.\",\"breadcrumb\":{\"@id\":\"https:\\\/\\\/www.vergleich-sofortrente.de\\\/de\\\/vergleich-basis-sofortrente-kostenfrei-anfordern\\\/#breadcrumb\"},\"inLanguage\":\"de\",\"potentialAction\":[{\"@type\":\"ReadAction\",\"target\":[\"https:\\\/\\\/www.vergleich-sofortrente.de\\\/de\\\/vergleich-basis-sofortrente-kostenfrei-anfordern\\\/\"]}]},{\"@type\":\"BreadcrumbList\",\"@id\":\"https:\\\/\\\/www.vergleich-sofortrente.de\\\/de\\\/vergleich-basis-sofortrente-kostenfrei-anfordern\\\/#breadcrumb\",\"itemListElement\":[{\"@type\":\"ListItem\",\"position\":1,\"name\":\"Startseite\",\"item\":\"https:\\\/\\\/www.vergleich-sofortrente.de\\\/de\\\/\"},{\"@type\":\"ListItem\",\"position\":2,\"name\":\"Vergleich Basis Sofortrente kostenfrei anfordern\"}]},{\"@type\":\"WebSite\",\"@id\":\"https:\\\/\\\/www.vergleich-sofortrente.de\\\/de\\\/#website\",\"url\":\"https:\\\/\\\/www.vergleich-sofortrente.de\\\/de\\\/\",\"name\":\"Finanzmanager24 - Vergleich-Sofortrente & Entnahmeplan\",\"description\":\"Informationen und Vergleich Sofortrente &amp; Entnahmeplan. Mit unserem Ratgeber und Tarif-Vergleich finden Sie den passenden Anbieter f\u00fcr Ihren Auszahlplan oder Rentenzahlung.\",\"potentialAction\":[{\"@type\":\"SearchAction\",\"target\":{\"@type\":\"EntryPoint\",\"urlTemplate\":\"https:\\\/\\\/www.vergleich-sofortrente.de\\\/de\\\/?s={search_term_string}\"},\"query-input\":{\"@type\":\"PropertyValueSpecification\",\"valueRequired\":true,\"valueName\":\"search_term_string\"}}],\"inLanguage\":\"de\"}]}<\/script>\n<!-- \/ Yoast SEO Premium plugin. -->","yoast_head_json":{"title":"Vergleich Basis Sofortrente kostenfrei anfordern","description":"Gerne senden wir Ihnen den Vergleich der Basis Sofortrente oder ein Angebot kostenfrei per E-Mail oder Brief zu.","robots":{"index":"index","follow":"follow","max-snippet":"max-snippet:-1","max-image-preview":"max-image-preview:large","max-video-preview":"max-video-preview:-1"},"canonical":"https:\/\/www.vergleich-sofortrente.de\/de\/vergleich-basis-sofortrente-kostenfrei-anfordern\/","og_locale":"de_DE","og_type":"article","og_title":"Vergleich Basis Sofortrente kostenfrei anfordern","og_description":"Gerne senden wir Ihnen den Vergleich der Basis Sofortrente oder ein Angebot kostenfrei per E-Mail oder Brief zu.","og_url":"https:\/\/www.vergleich-sofortrente.de\/de\/vergleich-basis-sofortrente-kostenfrei-anfordern\/","og_site_name":"Finanzmanager24 - Vergleich-Sofortrente &amp; Entnahmeplan","article_publisher":"https:\/\/www.facebook.com\/VergleichSofortrente","article_modified_time":"2024-08-15T11:22:29+00:00","twitter_card":"summary_large_image","twitter_site":"@finanzmanager24","twitter_misc":{"Gesch\u00e4tzte Lesezeit":"2\u00a0Minuten"},"schema":{"@context":"https:\/\/schema.org","@graph":[{"@type":"WebPage","@id":"https:\/\/www.vergleich-sofortrente.de\/de\/vergleich-basis-sofortrente-kostenfrei-anfordern\/","url":"https:\/\/www.vergleich-sofortrente.de\/de\/vergleich-basis-sofortrente-kostenfrei-anfordern\/","name":"Vergleich Basis Sofortrente kostenfrei anfordern","isPartOf":{"@id":"https:\/\/www.vergleich-sofortrente.de\/de\/#website"},"datePublished":"2023-10-12T14:02:27+00:00","dateModified":"2024-08-15T11:22:29+00:00","description":"Gerne senden wir Ihnen den Vergleich der Basis Sofortrente oder ein Angebot kostenfrei per E-Mail oder Brief zu.","breadcrumb":{"@id":"https:\/\/www.vergleich-sofortrente.de\/de\/vergleich-basis-sofortrente-kostenfrei-anfordern\/#breadcrumb"},"inLanguage":"de","potentialAction":[{"@type":"ReadAction","target":["https:\/\/www.vergleich-sofortrente.de\/de\/vergleich-basis-sofortrente-kostenfrei-anfordern\/"]}]},{"@type":"BreadcrumbList","@id":"https:\/\/www.vergleich-sofortrente.de\/de\/vergleich-basis-sofortrente-kostenfrei-anfordern\/#breadcrumb","itemListElement":[{"@type":"ListItem","position":1,"name":"Startseite","item":"https:\/\/www.vergleich-sofortrente.de\/de\/"},{"@type":"ListItem","position":2,"name":"Vergleich Basis Sofortrente kostenfrei anfordern"}]},{"@type":"WebSite","@id":"https:\/\/www.vergleich-sofortrente.de\/de\/#website","url":"https:\/\/www.vergleich-sofortrente.de\/de\/","name":"Finanzmanager24 - Vergleich-Sofortrente & Entnahmeplan","description":"Informationen und Vergleich Sofortrente &amp; Entnahmeplan. Mit unserem Ratgeber und Tarif-Vergleich finden Sie den passenden Anbieter f\u00fcr Ihren Auszahlplan oder Rentenzahlung.","potentialAction":[{"@type":"SearchAction","target":{"@type":"EntryPoint","urlTemplate":"https:\/\/www.vergleich-sofortrente.de\/de\/?s={search_term_string}"},"query-input":{"@type":"PropertyValueSpecification","valueRequired":true,"valueName":"search_term_string"}}],"inLanguage":"de"}]}},"_links":{"self":[{"href":"https:\/\/www.vergleich-sofortrente.de\/de\/wp-json\/wp\/v2\/pages\/4495","targetHints":{"allow":["GET"]}}],"collection":[{"href":"https:\/\/www.vergleich-sofortrente.de\/de\/wp-json\/wp\/v2\/pages"}],"about":[{"href":"https:\/\/www.vergleich-sofortrente.de\/de\/wp-json\/wp\/v2\/types\/page"}],"author":[{"embeddable":true,"href":"https:\/\/www.vergleich-sofortrente.de\/de\/wp-json\/wp\/v2\/users\/3"}],"replies":[{"embeddable":true,"href":"https:\/\/www.vergleich-sofortrente.de\/de\/wp-json\/wp\/v2\/comments?post=4495"}],"version-history":[{"count":2,"href":"https:\/\/www.vergleich-sofortrente.de\/de\/wp-json\/wp\/v2\/pages\/4495\/revisions"}],"predecessor-version":[{"id":5053,"href":"https:\/\/www.vergleich-sofortrente.de\/de\/wp-json\/wp\/v2\/pages\/4495\/revisions\/5053"}],"wp:attachment":[{"href":"https:\/\/www.vergleich-sofortrente.de\/de\/wp-json\/wp\/v2\/media?parent=4495"}],"curies":[{"name":"wp","href":"https:\/\/api.w.org\/{rel}","templated":true}]}}