{"id":4109,"date":"2022-11-01T09:59:28","date_gmt":"2022-11-01T09:59:28","guid":{"rendered":"https:\/\/www.vergleich-sofortrente.de\/de\/?page_id=4109"},"modified":"2024-03-07T14:18:03","modified_gmt":"2024-03-07T14:18:03","slug":"vergleich","status":"publish","type":"page","link":"https:\/\/www.vergleich-sofortrente.de\/de\/vergleich\/","title":{"rendered":"Vergleich Sofortrente anfordern"},"content":{"rendered":"<div class=\"wpb-content-wrapper\"><p>[vc_row content_placement=&#8221;top&#8221; wrap_container=&#8221;yes&#8221; is_section=&#8221;yes&#8221; section_skin=&#8221;parallax&#8221; remove_margin_top=&#8221;yes&#8221; remove_margin_bottom=&#8221;yes&#8221; remove_border=&#8221;yes&#8221;][vc_column width=&#8221;2\/3&#8243;][vc_column_text]<\/p>\n<h1>So einfach geht\u00b4s &#8211; Jetzt Vergleich Sofortrente kostenfrei anfordern<\/h1>\n<p>Gerne senden wir Ihnen den Vergleich oder ein Angebot kostenfrei per E-Mail oder Brief zu. Wir ben\u00f6tigen jedoch einige Angaben von Ihnen, um die passende Berechnung durchzuf\u00fchren.<\/p>\n<ul>\n<li><strong>Angaben zur Rente:<\/strong> hier m\u00f6chten wir wissen, welche Form der Rentenzahlung und Absicherung im Todesfall Sie w\u00fcnschen.<\/li>\n<li>\n<div id=\"gf_step_1_2\" class=\"gf_step gf_step_next gf_step_pending\"><span class=\"gf_step_label\"><strong>Angaben zum Beitrag<\/strong>: welchen Betrag m\u00f6chten Sie anlegen und wann ist Ihr Geburtstag<\/span><\/div>\n<\/li>\n<li><strong>Kontaktdaten: <\/strong>Wir ben\u00f6tigen nur wenige Daten, Ihren Namen sowie eine E-Mailadresse und eine Telefonnummer f\u00fcr R\u00fcckfragen<\/li>\n<\/ul>\n<p>Bitte geben Sie Ihre Anschrift an, wenn Sie die Unterlagen per Brief erhalten m\u00f6chten.[\/vc_column_text][\/vc_column][vc_column width=&#8221;1\/3&#8243;]<div class=\"porto-toggles wpb_content_element  toggle-primary\" data-view=\"one-toggle\">[vc_toggle title=&#8221;Haben Sie Fragen zur Sofortrente?&#8221; open=&#8221;true&#8221;]<span style=\"vertical-align: inherit;\"><span style=\"vertical-align: inherit;\"><span style=\"vertical-align: inherit;\"><span style=\"vertical-align: inherit;\">Rufen Sie uns kostenfrei an und lassen Sie sich beraten.<\/span><\/span><\/span><\/span><\/p>\n<p><strong>Telefon (0800) 80 800 24<\/strong>[\/vc_toggle][vc_toggle title=&#8221;Fordern Sie Ihr pers\u00f6nliches individuelles Angebot an.&#8221; open=&#8221;true&#8221;]<strong>Bitte tragen Sie alle Daten im Formular ein.<\/strong> Mit einem Klick senden Sie Ihre Anfrage an uns ab.<\/p>\n<hr \/>\n<p><strong>Innerhalb von 1 bis 2 Tagen <\/strong>erhalten Sie Ihren Vergleich per E-Mail oder Post zugeschickt, darin sehen Sie alle Daten schwarz auf wei\u00df.[\/vc_toggle]<\/div>[\/vc_column][vc_column][vc_tabs position=&#8221;top-justify&#8221; skin=&#8221;primary&#8221;][vc_tab title=&#8221;Vergleich&#8221; tab_id=&#8221;1645734487524-0-10&#8243;][vc_raw_js]JTNDZGl2JTIwaWQlM0QlMjJ6Zl9kaXZfUHRMdEljbmlFZ3FUd3VGbnNTS0VpcWpEQUdqendVb2duREhkbjhkT3FmQSUyMiUzRSUzQyUyRmRpdiUzRSUzQ3NjcmlwdCUyMHR5cGUlM0QlMjJ0ZXh0JTJGamF2YXNjcmlwdCUyMiUzRSUyOGZ1bmN0aW9uJTI4JTI5JTIwJTdCJTBBdHJ5JTdCJTBBdmFyJTIwZiUyMCUzRCUyMGRvY3VtZW50LmNyZWF0ZUVsZW1lbnQlMjglMjJpZnJhbWUlMjIlMjklM0IlMEFmLnNyYyUyMCUzRCUyMCUyN2h0dHBzJTNBJTJGJTJGZm9ybXMuZmluYW56bWFuYWdlcjI0LmRlJTJGZm0yNCUyRmZvcm0lMkZWZXJnbGVpY2hTb2ZvcnRyZW50ZW5ldSUyRmZvcm1wZXJtYSUyRlB0THRJY25pRWdxVHd1Rm5zU0tFaXFqREFHanp3VW9nbkRIZG44ZE9xZkElM0Z6Zl9yc3pmbSUzRDElMjclM0IlMEFmLnN0eWxlLmJvcmRlciUzRCUyMm5vbmUlMjIlM0IlMEFmLnN0eWxlLmhlaWdodCUzRCUyMjU0MnB4JTIyJTNCJTBBZi5zdHlsZS53aWR0aCUzRCUyMjkwJTI1JTIyJTNCJTBBZi5zdHlsZS50cmFuc2l0aW9uJTNEJTIyYWxsJTIwMC41cyUyMGVhc2UlMjIlM0IlMEFmLnNldEF0dHJpYnV0ZSUyOCUyMmFyaWEtbGFiZWwlMjIlMkMlMjAlMjdWZXJnbGVpY2glNUN4MjBTb2ZvcnRyZW50ZSU1Q3gyMG5ldSUyNyUyOSUzQiUwQSUwQXZhciUyMGQlMjAlM0QlMjBkb2N1bWVudC5nZXRFbGVtZW50QnlJZCUyOCUyMnpmX2Rpdl9QdEx0SWNuaUVncVR3dUZuc1NLRWlxakRBR2p6d1VvZ25ESGRuOGRPcWZBJTIyJTI5JTNCJTBBZC5hcHBlbmRDaGlsZCUyOGYlMjklM0IlMEF3aW5kb3cuYWRkRXZlbnRMaXN0ZW5lciUyOCUyN21lc3NhZ2UlMjclMkMlMjBmdW5jdGlvbiUyMCUyOCUyOSU3QiUwQXZhciUyMGV2bnREYXRhJTIwJTNEJTIwZXZlbnQuZGF0YSUzQiUwQWlmJTI4JTIwZXZudERhdGElMjAlMjYlMjYlMjBldm50RGF0YS5jb25zdHJ1Y3RvciUyMCUzRCUzRCUyMFN0cmluZyUyMCUyOSU3QiUwQXZhciUyMHpmX2lmcm1fZGF0YSUyMCUzRCUyMGV2bnREYXRhLnNwbGl0JTI4JTIyJTdDJTIyJTI5JTNCJTBBaWYlMjAlMjglMjB6Zl9pZnJtX2RhdGEubGVuZ3RoJTIwJTNEJTNEJTIwMiUyMCU3QyU3QyUyMHpmX2lmcm1fZGF0YS5sZW5ndGglMjAlM0QlM0QlMjAzJTIwJTI5JTIwJTdCJTBBdmFyJTIwemZfcGVybWElMjAlM0QlMjB6Zl9pZnJtX2RhdGElNUIwJTVEJTNCJTBBdmFyJTIwemZfaWZybV9odF9udyUyMCUzRCUyMCUyOCUyMHBhcnNlSW50JTI4emZfaWZybV9kYXRhJTVCMSU1RCUyQyUyMDEwJTI5JTIwJTJCJTIwMTUlMjAlMjklMjAlMkIlMjAlMjJweCUyMiUzQiUwQXZhciUyMGlmcmFtZSUyMCUzRCUyMGRvY3VtZW50LmdldEVsZW1lbnRCeUlkJTI4JTIyemZfZGl2X1B0THRJY25pRWdxVHd1Rm5zU0tFaXFqREFHanp3VW9nbkRIZG44ZE9xZkElMjIlMjkuZ2V0RWxlbWVudHNCeVRhZ05hbWUlMjglMjJpZnJhbWUlMjIlMjklNUIwJTVEJTNCJTBBaWYlMjAlMjglMjAlMjhpZnJhbWUuc3JjJTI5LmluZGV4T2YlMjglMjdmb3JtcGVybWElMjclMjklMjAlM0UlMjAwJTIwJTI2JTI2JTIwJTI4aWZyYW1lLnNyYyUyOS5pbmRleE9mJTI4emZfcGVybWElMjklMjAlM0UlMjAwJTIwJTI5JTIwJTdCJTBBdmFyJTIwcHJldklmcmFtZUhlaWdodCUyMCUzRCUyMGlmcmFtZS5zdHlsZS5oZWlnaHQlM0IlMEF2YXIlMjB6Zl90b3V0JTIwJTNEJTIwZmFsc2UlM0IlMEFpZiUyOCUyMHpmX2lmcm1fZGF0YS5sZW5ndGglMjAlM0QlM0QlMjAzJTIwJTI5JTIwJTdCJTBBaWZyYW1lLnNjcm9sbEludG9WaWV3JTI4JTI5JTNCJTBBemZfdG91dCUyMCUzRCUyMHRydWUlM0IlMEElN0QlMEFpZiUyMCUyOCUyMHByZXZJZnJhbWVIZWlnaHQlMjAlMjElM0QlMjB6Zl9pZnJtX2h0X253JTIwJTI5JTIwJTdCJTBBaWYlMjglMjB6Zl90b3V0JTIwJTI5JTIwJTdCJTBBc2V0VGltZW91dCUyOGZ1bmN0aW9uJTI4JTI5JTdCJTBBaWZyYW1lLnN0eWxlLmhlaWdodCUyMCUzRCUyMHpmX2lmcm1faHRfbnclM0IlMEElN0QlMkM1MDAlMjklM0IlMEElN0QlMjBlbHNlJTIwJTdCJTBBaWZyYW1lLnN0eWxlLmhlaWdodCUyMCUzRCUyMHpmX2lmcm1faHRfbnclM0IlMEElN0QlMEElN0QlMEElN0QlMEElN0QlMEElN0QlMEElN0QlMkMlMjBmYWxzZSUyOSUzQiUwQSU3RGNhdGNoJTI4ZSUyOSU3QiU3RCUwQSU3RCUyOSUyOCUyOSUzQiUzQyUyRnNjcmlwdCUzRQ==[\/vc_raw_js][vc_column_text]<\/p>\n<h3>Ihre Vorteile durch den Sofortrente Vergleich<\/h3>\n<ul>\n<li>Alle Anbieter inklusive Direktversicherung werden im Vergleich ber\u00fccksichtigt.<\/li>\n<li>Attraktive rabattierte Tarife werden im Vergleich ber\u00fccksichtigt (in der Regel ab 50.000 \u20ac Beitrag m\u00f6glich)<\/li>\n<li>Weitere Analysen, Bilanzkennzahlen und M&amp;M Ratings senden wir Ihnen gerne kostenfrei<\/li>\n<li>Vergleichssoftware des unabh\u00e4ngigen Analysehauses MORGEN &amp; MORGEN<\/li>\n<li>Einfach &amp; bequem von Zuhause &#8211; Vergleich oder Angebot in aller Ruhe anschauen<\/li>\n<\/ul>\n<p>[\/vc_column_text][\/vc_tab][vc_tab title=&#8221;FAQ &#8211; Fragen zum Vergleich Sofortrente&#8221; tab_id=&#8221;1645734487744-0-10&#8243;][vc_custom_heading text=&#8221;H\u00e4ufig gestellte Fragen zum Vergleich&#8221; use_theme_fonts=&#8221;yes&#8221;]<div class=\"porto-faqs porto-faqspn4f wpb_content_element \">\r\n\t<div class=\"page-faqs clearfix wpb_custom_7fe7ddf8f1a240d6488c8a8c41279112\" id=\"porto_faqs_ivty\">\r\n\r\n\t\t\r\n\t\t\r\n\t\t<div class=\"faq-row faqs-container\">\r\n\t\t\t\r\n<div class=\"faq vergleich-anfordern post-4101 type-faq status-publish hentry faq_cat-vergleich-anfordern\">\r\n\t<section class=\"toggle\">\r\n\t\t<label>Wie wird der vergleich erstellt?<\/label>\r\n\t\t<div class=\"toggle-content\">\r\n\t\t<h3 class=\"entry-title\" style=\"display: none;\">Wie wird der vergleich erstellt?<\/h3><span class=\"vcard\" style=\"display: none;\"><span class=\"fn\"><a href=\"https:\/\/www.vergleich-sofortrente.de\/de\/author\/wedler\/\" title=\"Beitr\u00e4ge von Dirk Wedler\" rel=\"author\">Dirk Wedler<\/a><\/span><\/span><span class=\"updated\" style=\"display:none\">2022-02-24T20:47:18+00:00<\/span>Wir nutzen die Vergleichssoftware f\u00fcr Versicherungsmakler des unabh\u00e4ngigen Analysehauses MORGEN &amp; MORGEN.\t\t<\/div>\r\n\t<\/section>\r\n<\/div>\r\n\r\n<div class=\"faq vergleich-anfordern post-4099 type-faq status-publish hentry faq_cat-vergleich-anfordern\">\r\n\t<section class=\"toggle\">\r\n\t\t<label>Ist der Vergleich kostenfrei?<\/label>\r\n\t\t<div class=\"toggle-content\">\r\n\t\t<h3 class=\"entry-title\" style=\"display: none;\">Ist der Vergleich kostenfrei?<\/h3><span class=\"vcard\" style=\"display: none;\"><span class=\"fn\"><a href=\"https:\/\/www.vergleich-sofortrente.de\/de\/author\/wedler\/\" title=\"Beitr\u00e4ge von Dirk Wedler\" rel=\"author\">Dirk Wedler<\/a><\/span><\/span><span class=\"updated\" style=\"display:none\">2022-02-24T20:37:04+00:00<\/span>Ja den Vergleich oder ein individuelles Angebot erhalten Sie garantiert kostenfrei.\t\t<\/div>\r\n\t<\/section>\r\n<\/div>\r\n\t\t<\/div>\r\n\r\n\t\t\r\n\t<\/div>\r\n\r\n\t\r\n\t<\/div>[\/vc_tab][\/vc_tabs][\/vc_column][\/vc_row][vc_row content_placement=&#8221;top&#8221; wrap_container=&#8221;yes&#8221; is_section=&#8221;yes&#8221; section_skin=&#8221;parallax&#8221; remove_margin_top=&#8221;yes&#8221; remove_margin_bottom=&#8221;yes&#8221; remove_border=&#8221;yes&#8221;][vc_column width=&#8221;1\/2&#8243;][vc_cta h2=&#8221;Vergleich Tagesgeld Deutschland&#8221; add_button=&#8221;bottom&#8221; btn_title=&#8221;Vergleich berechnen&#8221; btn_color=&#8221;primary&#8221; btn_skin=&#8221;primary&#8221; btn_link=&#8221;url:https%3A%2F%2Fwww.finanzmanager24.de%2Fgeldanlage%2Ftagesgeld.php&#8221;]Tagesgeld Vergleich &#8211; Banken in Deutschland[\/vc_cta][\/vc_column][vc_column width=&#8221;1\/2&#8243;][vc_cta h2=&#8221;Vergleich Festgeld Deutschland&#8221; add_button=&#8221;bottom&#8221; btn_title=&#8221;Vergleich berechnen&#8221; btn_color=&#8221;primary&#8221; btn_skin=&#8221;primary&#8221; btn_link=&#8221;url:https%3A%2F%2Fwww.finanzmanager24.de%2Fgeldanlage%2Ffestgeld.php&#8221;]Vergleich Festgeld &#8211; Banken in Deutschland[\/vc_cta][\/vc_column][\/vc_row]<\/p>\n<\/div>","protected":false},"excerpt":{"rendered":"<p>[vc_row content_placement=&#8221;top&#8221; wrap_container=&#8221;yes&#8221; is_section=&#8221;yes&#8221; section_skin=&#8221;parallax&#8221; remove_margin_top=&#8221;yes&#8221; remove_margin_bottom=&#8221;yes&#8221; remove_border=&#8221;yes&#8221;][vc_column width=&#8221;2\/3&#8243;][vc_column_text] So einfach geht\u00b4s &#8211; Jetzt Vergleich Sofortrente kostenfrei anfordern Gerne senden wir Ihnen den Vergleich oder ein Angebot kostenfrei per E-Mail oder Brief zu. Wir ben\u00f6tigen jedoch einige Angaben von Ihnen, um die passende Berechnung durchzuf\u00fchren. Angaben zur Rente: hier m\u00f6chten wir wissen, welche Form der [&hellip;]<\/p>\n","protected":false},"author":3,"featured_media":4094,"parent":0,"menu_order":0,"comment_status":"closed","ping_status":"closed","template":"","meta":{"footnotes":""},"class_list":["post-4109","page","type-page","status-publish","has-post-thumbnail","hentry"],"yoast_head":"<!-- This site is optimized with the Yoast SEO Premium plugin v18.1 (Yoast SEO v27.4) - https:\/\/yoast.com\/product\/yoast-seo-premium-wordpress\/ -->\n<title>Vergleich Sofortrente anfordern<\/title>\n<meta name=\"description\" content=\"Jetzt Vergleich Sofortrente kostenfrei anfordern .Gerne senden wir Ihnen den Vergleich oder ein Angebot kostenfrei per E-Mail oder Brief zu.\" \/>\n<meta name=\"robots\" content=\"index, follow, max-snippet:-1, max-image-preview:large, max-video-preview:-1\" \/>\n<link rel=\"canonical\" href=\"https:\/\/www.vergleich-sofortrente.de\/de\/vergleich\/\" \/>\n<meta property=\"og:locale\" content=\"de_DE\" \/>\n<meta property=\"og:type\" content=\"article\" \/>\n<meta property=\"og:title\" content=\"Vergleich Sofortrente anfordern\" \/>\n<meta property=\"og:description\" content=\"Jetzt Vergleich Sofortrente kostenfrei anfordern .Gerne senden wir Ihnen den Vergleich oder ein Angebot kostenfrei per E-Mail oder Brief zu.\" \/>\n<meta property=\"og:url\" content=\"https:\/\/www.vergleich-sofortrente.de\/de\/vergleich\/\" \/>\n<meta property=\"og:site_name\" content=\"Finanzmanager24 - Vergleich-Sofortrente &amp; Entnahmeplan\" \/>\n<meta property=\"article:publisher\" content=\"https:\/\/www.facebook.com\/VergleichSofortrente\" \/>\n<meta property=\"article:modified_time\" content=\"2024-03-07T14:18:03+00:00\" \/>\n<meta property=\"og:image\" content=\"https:\/\/www.vergleich-sofortrente.de\/de\/wp-content\/uploads\/vergleich-sofortrente.jpg\" \/>\n\t<meta property=\"og:image:width\" content=\"1140\" \/>\n\t<meta property=\"og:image:height\" content=\"430\" \/>\n\t<meta property=\"og:image:type\" content=\"image\/jpeg\" \/>\n<meta name=\"twitter:card\" content=\"summary_large_image\" \/>\n<meta name=\"twitter:site\" content=\"@finanzmanager24\" \/>\n<meta name=\"twitter:label1\" content=\"Gesch\u00e4tzte Lesezeit\" \/>\n\t<meta name=\"twitter:data1\" content=\"2\u00a0Minuten\" \/>\n<script type=\"application\/ld+json\" class=\"yoast-schema-graph\">{\"@context\":\"https:\\\/\\\/schema.org\",\"@graph\":[{\"@type\":\"WebPage\",\"@id\":\"https:\\\/\\\/www.vergleich-sofortrente.de\\\/de\\\/vergleich\\\/\",\"url\":\"https:\\\/\\\/www.vergleich-sofortrente.de\\\/de\\\/vergleich\\\/\",\"name\":\"Vergleich Sofortrente anfordern\",\"isPartOf\":{\"@id\":\"https:\\\/\\\/www.vergleich-sofortrente.de\\\/de\\\/#website\"},\"primaryImageOfPage\":{\"@id\":\"https:\\\/\\\/www.vergleich-sofortrente.de\\\/de\\\/vergleich\\\/#primaryimage\"},\"image\":{\"@id\":\"https:\\\/\\\/www.vergleich-sofortrente.de\\\/de\\\/vergleich\\\/#primaryimage\"},\"thumbnailUrl\":\"https:\\\/\\\/www.vergleich-sofortrente.de\\\/de\\\/wp-content\\\/uploads\\\/vergleich-sofortrente.jpg\",\"datePublished\":\"2022-11-01T09:59:28+00:00\",\"dateModified\":\"2024-03-07T14:18:03+00:00\",\"description\":\"Jetzt Vergleich Sofortrente kostenfrei anfordern .Gerne senden wir Ihnen den Vergleich oder ein Angebot kostenfrei per E-Mail oder Brief zu.\",\"breadcrumb\":{\"@id\":\"https:\\\/\\\/www.vergleich-sofortrente.de\\\/de\\\/vergleich\\\/#breadcrumb\"},\"inLanguage\":\"de\",\"potentialAction\":[{\"@type\":\"ReadAction\",\"target\":[\"https:\\\/\\\/www.vergleich-sofortrente.de\\\/de\\\/vergleich\\\/\"]}]},{\"@type\":\"ImageObject\",\"inLanguage\":\"de\",\"@id\":\"https:\\\/\\\/www.vergleich-sofortrente.de\\\/de\\\/vergleich\\\/#primaryimage\",\"url\":\"https:\\\/\\\/www.vergleich-sofortrente.de\\\/de\\\/wp-content\\\/uploads\\\/vergleich-sofortrente.jpg\",\"contentUrl\":\"https:\\\/\\\/www.vergleich-sofortrente.de\\\/de\\\/wp-content\\\/uploads\\\/vergleich-sofortrente.jpg\",\"width\":1140,\"height\":430,\"caption\":\"Vergleich Sofortrente\"},{\"@type\":\"BreadcrumbList\",\"@id\":\"https:\\\/\\\/www.vergleich-sofortrente.de\\\/de\\\/vergleich\\\/#breadcrumb\",\"itemListElement\":[{\"@type\":\"ListItem\",\"position\":1,\"name\":\"Startseite\",\"item\":\"https:\\\/\\\/www.vergleich-sofortrente.de\\\/de\\\/\"},{\"@type\":\"ListItem\",\"position\":2,\"name\":\"Vergleich Sofortrente anfordern\"}]},{\"@type\":\"WebSite\",\"@id\":\"https:\\\/\\\/www.vergleich-sofortrente.de\\\/de\\\/#website\",\"url\":\"https:\\\/\\\/www.vergleich-sofortrente.de\\\/de\\\/\",\"name\":\"Finanzmanager24 - Vergleich-Sofortrente & Entnahmeplan\",\"description\":\"Informationen und Vergleich Sofortrente &amp; Entnahmeplan. Mit unserem Ratgeber und Tarif-Vergleich finden Sie den passenden Anbieter f\u00fcr Ihren Auszahlplan oder Rentenzahlung.\",\"potentialAction\":[{\"@type\":\"SearchAction\",\"target\":{\"@type\":\"EntryPoint\",\"urlTemplate\":\"https:\\\/\\\/www.vergleich-sofortrente.de\\\/de\\\/?s={search_term_string}\"},\"query-input\":{\"@type\":\"PropertyValueSpecification\",\"valueRequired\":true,\"valueName\":\"search_term_string\"}}],\"inLanguage\":\"de\"}]}<\/script>\n<!-- \/ Yoast SEO Premium plugin. -->","yoast_head_json":{"title":"Vergleich Sofortrente anfordern","description":"Jetzt Vergleich Sofortrente kostenfrei anfordern .Gerne senden wir Ihnen den Vergleich oder ein Angebot kostenfrei per E-Mail oder Brief zu.","robots":{"index":"index","follow":"follow","max-snippet":"max-snippet:-1","max-image-preview":"max-image-preview:large","max-video-preview":"max-video-preview:-1"},"canonical":"https:\/\/www.vergleich-sofortrente.de\/de\/vergleich\/","og_locale":"de_DE","og_type":"article","og_title":"Vergleich Sofortrente anfordern","og_description":"Jetzt Vergleich Sofortrente kostenfrei anfordern .Gerne senden wir Ihnen den Vergleich oder ein Angebot kostenfrei per E-Mail oder Brief zu.","og_url":"https:\/\/www.vergleich-sofortrente.de\/de\/vergleich\/","og_site_name":"Finanzmanager24 - Vergleich-Sofortrente &amp; Entnahmeplan","article_publisher":"https:\/\/www.facebook.com\/VergleichSofortrente","article_modified_time":"2024-03-07T14:18:03+00:00","og_image":[{"width":1140,"height":430,"url":"https:\/\/www.vergleich-sofortrente.de\/de\/wp-content\/uploads\/vergleich-sofortrente.jpg","type":"image\/jpeg"}],"twitter_card":"summary_large_image","twitter_site":"@finanzmanager24","twitter_misc":{"Gesch\u00e4tzte Lesezeit":"2\u00a0Minuten"},"schema":{"@context":"https:\/\/schema.org","@graph":[{"@type":"WebPage","@id":"https:\/\/www.vergleich-sofortrente.de\/de\/vergleich\/","url":"https:\/\/www.vergleich-sofortrente.de\/de\/vergleich\/","name":"Vergleich Sofortrente anfordern","isPartOf":{"@id":"https:\/\/www.vergleich-sofortrente.de\/de\/#website"},"primaryImageOfPage":{"@id":"https:\/\/www.vergleich-sofortrente.de\/de\/vergleich\/#primaryimage"},"image":{"@id":"https:\/\/www.vergleich-sofortrente.de\/de\/vergleich\/#primaryimage"},"thumbnailUrl":"https:\/\/www.vergleich-sofortrente.de\/de\/wp-content\/uploads\/vergleich-sofortrente.jpg","datePublished":"2022-11-01T09:59:28+00:00","dateModified":"2024-03-07T14:18:03+00:00","description":"Jetzt Vergleich Sofortrente kostenfrei anfordern .Gerne senden wir Ihnen den Vergleich oder ein Angebot kostenfrei per E-Mail oder Brief zu.","breadcrumb":{"@id":"https:\/\/www.vergleich-sofortrente.de\/de\/vergleich\/#breadcrumb"},"inLanguage":"de","potentialAction":[{"@type":"ReadAction","target":["https:\/\/www.vergleich-sofortrente.de\/de\/vergleich\/"]}]},{"@type":"ImageObject","inLanguage":"de","@id":"https:\/\/www.vergleich-sofortrente.de\/de\/vergleich\/#primaryimage","url":"https:\/\/www.vergleich-sofortrente.de\/de\/wp-content\/uploads\/vergleich-sofortrente.jpg","contentUrl":"https:\/\/www.vergleich-sofortrente.de\/de\/wp-content\/uploads\/vergleich-sofortrente.jpg","width":1140,"height":430,"caption":"Vergleich Sofortrente"},{"@type":"BreadcrumbList","@id":"https:\/\/www.vergleich-sofortrente.de\/de\/vergleich\/#breadcrumb","itemListElement":[{"@type":"ListItem","position":1,"name":"Startseite","item":"https:\/\/www.vergleich-sofortrente.de\/de\/"},{"@type":"ListItem","position":2,"name":"Vergleich Sofortrente anfordern"}]},{"@type":"WebSite","@id":"https:\/\/www.vergleich-sofortrente.de\/de\/#website","url":"https:\/\/www.vergleich-sofortrente.de\/de\/","name":"Finanzmanager24 - Vergleich-Sofortrente & Entnahmeplan","description":"Informationen und Vergleich Sofortrente &amp; Entnahmeplan. Mit unserem Ratgeber und Tarif-Vergleich finden Sie den passenden Anbieter f\u00fcr Ihren Auszahlplan oder Rentenzahlung.","potentialAction":[{"@type":"SearchAction","target":{"@type":"EntryPoint","urlTemplate":"https:\/\/www.vergleich-sofortrente.de\/de\/?s={search_term_string}"},"query-input":{"@type":"PropertyValueSpecification","valueRequired":true,"valueName":"search_term_string"}}],"inLanguage":"de"}]}},"_links":{"self":[{"href":"https:\/\/www.vergleich-sofortrente.de\/de\/wp-json\/wp\/v2\/pages\/4109","targetHints":{"allow":["GET"]}}],"collection":[{"href":"https:\/\/www.vergleich-sofortrente.de\/de\/wp-json\/wp\/v2\/pages"}],"about":[{"href":"https:\/\/www.vergleich-sofortrente.de\/de\/wp-json\/wp\/v2\/types\/page"}],"author":[{"embeddable":true,"href":"https:\/\/www.vergleich-sofortrente.de\/de\/wp-json\/wp\/v2\/users\/3"}],"replies":[{"embeddable":true,"href":"https:\/\/www.vergleich-sofortrente.de\/de\/wp-json\/wp\/v2\/comments?post=4109"}],"version-history":[{"count":7,"href":"https:\/\/www.vergleich-sofortrente.de\/de\/wp-json\/wp\/v2\/pages\/4109\/revisions"}],"predecessor-version":[{"id":4807,"href":"https:\/\/www.vergleich-sofortrente.de\/de\/wp-json\/wp\/v2\/pages\/4109\/revisions\/4807"}],"wp:featuredmedia":[{"embeddable":true,"href":"https:\/\/www.vergleich-sofortrente.de\/de\/wp-json\/wp\/v2\/media\/4094"}],"wp:attachment":[{"href":"https:\/\/www.vergleich-sofortrente.de\/de\/wp-json\/wp\/v2\/media?parent=4109"}],"curies":[{"name":"wp","href":"https:\/\/api.w.org\/{rel}","templated":true}]}}