{"id":2339,"date":"2015-07-24T09:55:48","date_gmt":"2015-07-24T09:55:48","guid":{"rendered":"http:\/\/vergleich-sofortrente.de\/de\/?page_id=2339"},"modified":"2024-01-31T10:25:10","modified_gmt":"2024-01-31T10:25:10","slug":"bestattungsvorsorge-sterbegeldversicherung","status":"publish","type":"page","link":"https:\/\/www.vergleich-sofortrente.de\/de\/bestattungsvorsorge-sterbegeldversicherung\/","title":{"rendered":"Bestattungsvorsorge \u279c Sterbegeldversicherung"},"content":{"rendered":"<div class=\"wpb-content-wrapper\"><p>[vc_row wrap_container=&#8221;yes&#8221;][vc_column width=&#8221;2\/3&#8243;][vc_column_text]Die Bestattungsvorsorge\u00a0ist ein mittlerweile unverzichtbarer Zusatzschutz da keine\u00a0gesetzliches\u00a0Sterbegeld gezahlt wird.<\/p>\n<p>Die gesetzliche Krankenversicherung\u00a0leistet keine Zahlungen f\u00fcr eine Bestattung an Hinterbliebene.<\/p>\n<h3><strong>Was kostet eine angemessene Bestattung?<\/strong><\/h3>\n<p>Bisher erhielten die Hinterbliebenen von den gesetzlichen Krankenkassen das so genannte Sterbegeld. Doch diese Leistung wurde zum 01.01.2004 ersatzlos gestrichen. Ab sofort muss jeder selbst f\u00fcr die finanzielle Absicherung einer Bestattung sorgen.<\/p>\n<ul>\n<li>Einzelgrabst\u00e4tte und Friedhofsgeb\u00fchren 1.250,00 \u20ac<\/li>\n<li>Sarg und W\u00e4sche 1.100,00 \u20ac<\/li>\n<li>\u00dcberf\u00fchrung 130,00 \u20ac<\/li>\n<li>Ausstattung Trauerfeier 420,00 \u20ac<\/li>\n<li>Beisetzungskosten 600,00 \u20ac<\/li>\n<li>Kr\u00e4nze und Blumenschmuck 250,00 \u20ac<\/li>\n<li>Traueranzeige, Danksagung 250,00 \u20ac<\/li>\n<li>Grabstein inkl. Aufstellung und Beschriftung 1.000,00 \u20ac<\/li>\n<li><strong>Gesamt 5.000,00 \u20ac<\/strong><\/li>\n<\/ul>\n<p>Diese Summe sollte in der Altersvorsorge \u201ereserviert\u201c werden. Alternativ bietet sich der Abschluss einer entsprechenden Versicherung an.<\/p>\n<p><strong>Treffen Sie die richtige Entscheidung. Nehmen Sie Ihren Angeh\u00f6rigen f\u00fcr die Zukunft Sorgen und N\u00f6te ab \u2013 mit der\u00a0Sterbegeldversicherung oder Trauerfall-Vorsorge\u00a0!<\/strong><\/p>\n<h2>Folgende Vorteile sprechen f\u00fcr\u00a0die Trauerfall-Vorsorge und die Sterbegeldversicherung<\/h2>\n<ul>\n<li><strong>\u00a0<\/strong>Finanzielle Sicherheit f\u00fcr Ihre Angeh\u00f6rigen<\/li>\n<li>Aufnahme bis zum 85. Lebensjahr ohne Gesundheitsfragen<\/li>\n<li>Voller Versicherungsschutz schon ab dem 19. Monat, bei Unfalltod von Anfang an<\/li>\n<li>Lebenslanger Versicherungsschutz<\/li>\n<li>Erh\u00f6hung der Leistung durch die \u00dcberschuss-Beteiligung ohne zus\u00e4tzlichen Beitrag<\/li>\n<\/ul>\n<p><strong>Berechnen Sie kostenfrei und unverbindlich ein Angebot f\u00fcr ein Sterbegeldversicherung oder Trauerfall-Vorsorge.<\/strong>[\/vc_column_text][vc_raw_html]JTNDaWZyYW1lJTIwaWQlM0QlMjJjb3ZvbW8taWZyYW1lJTIyJTIwc3JjJTNEJTIyaHR0cHMlM0ElMkYlMkZyZWNobmVyLmNvdm9tby5kZSUyRnN0ZXJiZWdlbGQlMkYlM0ZyJTNEZXlKaFptWnBiR2xoZEdWZmFXUWlPaUkxTURBd01EQXdNVE0zSWl3aVlTSTZJalV3TURBd01EQXhNemNpZlElMjUzRCUyNTNEJTI2dGhlbWUlM0RlbWJlZGRlZCUyMiUyMG9uTG9hZCUzRCUyMndpbmRvdy5zY3JvbGxUbyUyODAlMkMlMjAwJTI5JTNCJTIyJTIwd2lkdGglM0QlMjIxMDAlMjUlMjIlMjBoZWlnaHQlM0QlMjIzMDAwJTIyJTIwc3R5bGUlM0QlMjJib3JkZXIlM0EwJTIyJTIwc2Nyb2xsYmFycyUzRCUyMm5vJTIyJTIwYWxsb3dUcmFuc3BhcmVuY3klM0QlMjJ0cnVlJTIyJTIwc2VhbWxlc3MlM0UlM0MlMkZpZnJhbWUlM0U=[\/vc_raw_html][\/vc_column][vc_column width=&#8221;1\/3&#8243;][vc_accordion active_tab=&#8221;&#8221; collapsible=&#8221;yes&#8221; type=&#8221;secondary&#8221;][vc_accordion_tab title=&#8221;Haben Sie Fragen zur Bestattungsvorsorge?&#8221; show_icon=&#8221;yes&#8221; icon=&#8221;fa fa-phone&#8221;][vc_column_text]Rufen Sie uns an!<\/p>\n<p><strong>Tel. 0800 80 800 24<\/strong>[\/vc_column_text][\/vc_accordion_tab][\/vc_accordion][vc_accordion active_tab=&#8221;1&#8243; collapsible=&#8221;yes&#8221; type=&#8221;secondary&#8221;][vc_accordion_tab title=&#8221;Vergleich&#8221; show_icon=&#8221;yes&#8221; icon=&#8221;fa fa-book&#8221;]<div class=\"porto-btn-ctn-left mb-0\"><a class=\"porto-btn porto-adjust-bottom-margin porto-btn-large porto-btn-no-hover-bg   wpb_custom_fa51088c2567b780100c1edcf8821d3b  porto-btn-left \" title='Vergleich Sterbegeldversicherung' rel='' href = \"https:\/\/www.vergleich-sofortrente.de\/de\/vergleich-sterbegeldversicherung\/\"  data-hover=\"\" data-border-color=\"\" data-bg=\"#0088cc\" data-hover-bg=\"\" data-border-hover=\"\" data-shadow-click=\"none\" data-shadow=\"\" style=\"border:none;background: #0088cc;color: #ffffff;\"><span class=\"porto-btn-hover\"><\/span><span class=\"porto-btn-data porto-btn-text \" >Vergleich Sterbegeldversicherung<\/span><\/a><\/div>[\/vc_accordion_tab][\/vc_accordion][\/vc_column][\/vc_row]<\/p>\n<\/div>","protected":false},"excerpt":{"rendered":"<p>[vc_row wrap_container=&#8221;yes&#8221;][vc_column width=&#8221;2\/3&#8243;][vc_column_text]Die Bestattungsvorsorge\u00a0ist ein mittlerweile unverzichtbarer Zusatzschutz da keine\u00a0gesetzliches\u00a0Sterbegeld gezahlt wird. Die gesetzliche Krankenversicherung\u00a0leistet keine Zahlungen f\u00fcr eine Bestattung an Hinterbliebene. Was kostet eine angemessene Bestattung? Bisher erhielten die Hinterbliebenen von den gesetzlichen Krankenkassen das so genannte Sterbegeld. Doch diese Leistung wurde zum 01.01.2004 ersatzlos gestrichen. Ab sofort muss jeder selbst f\u00fcr die finanzielle [&hellip;]<\/p>\n","protected":false},"author":3,"featured_media":0,"parent":0,"menu_order":0,"comment_status":"open","ping_status":"closed","template":"","meta":{"footnotes":""},"class_list":["post-2339","page","type-page","status-publish","hentry"],"yoast_head":"<!-- This site is optimized with the Yoast SEO Premium plugin v18.1 (Yoast SEO v27.4) - https:\/\/yoast.com\/product\/yoast-seo-premium-wordpress\/ -->\n<title>Bestattungsvorsorge \u279c Sterbegldversicherung<\/title>\n<meta name=\"description\" content=\"Bestattungsvorsorge oder Sterbegeldversicherung als Zusatzversicherung zur Sofortrente abschliessen. \u279c Hier finden Sie alle Informationen und Angebote\" \/>\n<meta name=\"robots\" content=\"index, follow, max-snippet:-1, max-image-preview:large, max-video-preview:-1\" \/>\n<link rel=\"canonical\" href=\"https:\/\/www.vergleich-sofortrente.de\/de\/bestattungsvorsorge-sterbegeldversicherung\/\" \/>\n<meta property=\"og:locale\" content=\"de_DE\" \/>\n<meta property=\"og:type\" content=\"article\" \/>\n<meta property=\"og:title\" content=\"Bestattungsvorsorge \u279c Sterbegeldversicherung\" \/>\n<meta property=\"og:description\" content=\"Bestattungsvorsorge oder Sterbegeldversicherung als Zusatzversicherung zur Sofortrente abschliessen. \u279c Hier finden Sie alle Informationen und Angebote\" \/>\n<meta property=\"og:url\" content=\"https:\/\/www.vergleich-sofortrente.de\/de\/bestattungsvorsorge-sterbegeldversicherung\/\" \/>\n<meta property=\"og:site_name\" content=\"Finanzmanager24 - Vergleich-Sofortrente &amp; Entnahmeplan\" \/>\n<meta property=\"article:publisher\" content=\"https:\/\/www.facebook.com\/VergleichSofortrente\" \/>\n<meta property=\"article:modified_time\" content=\"2024-01-31T10:25:10+00:00\" \/>\n<meta name=\"twitter:card\" content=\"summary_large_image\" \/>\n<meta name=\"twitter:site\" content=\"@finanzmanager24\" \/>\n<meta name=\"twitter:label1\" content=\"Gesch\u00e4tzte Lesezeit\" \/>\n\t<meta name=\"twitter:data1\" content=\"2\u00a0Minuten\" \/>\n<script type=\"application\/ld+json\" class=\"yoast-schema-graph\">{\"@context\":\"https:\\\/\\\/schema.org\",\"@graph\":[{\"@type\":\"WebPage\",\"@id\":\"https:\\\/\\\/www.vergleich-sofortrente.de\\\/de\\\/bestattungsvorsorge-sterbegeldversicherung\\\/\",\"url\":\"https:\\\/\\\/www.vergleich-sofortrente.de\\\/de\\\/bestattungsvorsorge-sterbegeldversicherung\\\/\",\"name\":\"Bestattungsvorsorge \u279c Sterbegldversicherung\",\"isPartOf\":{\"@id\":\"https:\\\/\\\/www.vergleich-sofortrente.de\\\/de\\\/#website\"},\"datePublished\":\"2015-07-24T09:55:48+00:00\",\"dateModified\":\"2024-01-31T10:25:10+00:00\",\"description\":\"Bestattungsvorsorge oder Sterbegeldversicherung als Zusatzversicherung zur Sofortrente abschliessen. \u279c Hier finden Sie alle Informationen und Angebote\",\"breadcrumb\":{\"@id\":\"https:\\\/\\\/www.vergleich-sofortrente.de\\\/de\\\/bestattungsvorsorge-sterbegeldversicherung\\\/#breadcrumb\"},\"inLanguage\":\"de\",\"potentialAction\":[{\"@type\":\"ReadAction\",\"target\":[\"https:\\\/\\\/www.vergleich-sofortrente.de\\\/de\\\/bestattungsvorsorge-sterbegeldversicherung\\\/\"]}]},{\"@type\":\"BreadcrumbList\",\"@id\":\"https:\\\/\\\/www.vergleich-sofortrente.de\\\/de\\\/bestattungsvorsorge-sterbegeldversicherung\\\/#breadcrumb\",\"itemListElement\":[{\"@type\":\"ListItem\",\"position\":1,\"name\":\"Startseite\",\"item\":\"https:\\\/\\\/www.vergleich-sofortrente.de\\\/de\\\/\"},{\"@type\":\"ListItem\",\"position\":2,\"name\":\"Bestattungsvorsorge \u279c Sterbegeldversicherung\"}]},{\"@type\":\"WebSite\",\"@id\":\"https:\\\/\\\/www.vergleich-sofortrente.de\\\/de\\\/#website\",\"url\":\"https:\\\/\\\/www.vergleich-sofortrente.de\\\/de\\\/\",\"name\":\"Finanzmanager24 - Vergleich-Sofortrente & Entnahmeplan\",\"description\":\"Informationen und Vergleich Sofortrente &amp; Entnahmeplan. Mit unserem Ratgeber und Tarif-Vergleich finden Sie den passenden Anbieter f\u00fcr Ihren Auszahlplan oder Rentenzahlung.\",\"potentialAction\":[{\"@type\":\"SearchAction\",\"target\":{\"@type\":\"EntryPoint\",\"urlTemplate\":\"https:\\\/\\\/www.vergleich-sofortrente.de\\\/de\\\/?s={search_term_string}\"},\"query-input\":{\"@type\":\"PropertyValueSpecification\",\"valueRequired\":true,\"valueName\":\"search_term_string\"}}],\"inLanguage\":\"de\"}]}<\/script>\n<!-- \/ Yoast SEO Premium plugin. -->","yoast_head_json":{"title":"Bestattungsvorsorge \u279c Sterbegldversicherung","description":"Bestattungsvorsorge oder Sterbegeldversicherung als Zusatzversicherung zur Sofortrente abschliessen. \u279c Hier finden Sie alle Informationen und Angebote","robots":{"index":"index","follow":"follow","max-snippet":"max-snippet:-1","max-image-preview":"max-image-preview:large","max-video-preview":"max-video-preview:-1"},"canonical":"https:\/\/www.vergleich-sofortrente.de\/de\/bestattungsvorsorge-sterbegeldversicherung\/","og_locale":"de_DE","og_type":"article","og_title":"Bestattungsvorsorge \u279c Sterbegeldversicherung","og_description":"Bestattungsvorsorge oder Sterbegeldversicherung als Zusatzversicherung zur Sofortrente abschliessen. \u279c Hier finden Sie alle Informationen und Angebote","og_url":"https:\/\/www.vergleich-sofortrente.de\/de\/bestattungsvorsorge-sterbegeldversicherung\/","og_site_name":"Finanzmanager24 - Vergleich-Sofortrente &amp; Entnahmeplan","article_publisher":"https:\/\/www.facebook.com\/VergleichSofortrente","article_modified_time":"2024-01-31T10:25:10+00:00","twitter_card":"summary_large_image","twitter_site":"@finanzmanager24","twitter_misc":{"Gesch\u00e4tzte Lesezeit":"2\u00a0Minuten"},"schema":{"@context":"https:\/\/schema.org","@graph":[{"@type":"WebPage","@id":"https:\/\/www.vergleich-sofortrente.de\/de\/bestattungsvorsorge-sterbegeldversicherung\/","url":"https:\/\/www.vergleich-sofortrente.de\/de\/bestattungsvorsorge-sterbegeldversicherung\/","name":"Bestattungsvorsorge \u279c Sterbegldversicherung","isPartOf":{"@id":"https:\/\/www.vergleich-sofortrente.de\/de\/#website"},"datePublished":"2015-07-24T09:55:48+00:00","dateModified":"2024-01-31T10:25:10+00:00","description":"Bestattungsvorsorge oder Sterbegeldversicherung als Zusatzversicherung zur Sofortrente abschliessen. \u279c Hier finden Sie alle Informationen und Angebote","breadcrumb":{"@id":"https:\/\/www.vergleich-sofortrente.de\/de\/bestattungsvorsorge-sterbegeldversicherung\/#breadcrumb"},"inLanguage":"de","potentialAction":[{"@type":"ReadAction","target":["https:\/\/www.vergleich-sofortrente.de\/de\/bestattungsvorsorge-sterbegeldversicherung\/"]}]},{"@type":"BreadcrumbList","@id":"https:\/\/www.vergleich-sofortrente.de\/de\/bestattungsvorsorge-sterbegeldversicherung\/#breadcrumb","itemListElement":[{"@type":"ListItem","position":1,"name":"Startseite","item":"https:\/\/www.vergleich-sofortrente.de\/de\/"},{"@type":"ListItem","position":2,"name":"Bestattungsvorsorge \u279c Sterbegeldversicherung"}]},{"@type":"WebSite","@id":"https:\/\/www.vergleich-sofortrente.de\/de\/#website","url":"https:\/\/www.vergleich-sofortrente.de\/de\/","name":"Finanzmanager24 - Vergleich-Sofortrente & Entnahmeplan","description":"Informationen und Vergleich Sofortrente &amp; Entnahmeplan. Mit unserem Ratgeber und Tarif-Vergleich finden Sie den passenden Anbieter f\u00fcr Ihren Auszahlplan oder Rentenzahlung.","potentialAction":[{"@type":"SearchAction","target":{"@type":"EntryPoint","urlTemplate":"https:\/\/www.vergleich-sofortrente.de\/de\/?s={search_term_string}"},"query-input":{"@type":"PropertyValueSpecification","valueRequired":true,"valueName":"search_term_string"}}],"inLanguage":"de"}]}},"_links":{"self":[{"href":"https:\/\/www.vergleich-sofortrente.de\/de\/wp-json\/wp\/v2\/pages\/2339","targetHints":{"allow":["GET"]}}],"collection":[{"href":"https:\/\/www.vergleich-sofortrente.de\/de\/wp-json\/wp\/v2\/pages"}],"about":[{"href":"https:\/\/www.vergleich-sofortrente.de\/de\/wp-json\/wp\/v2\/types\/page"}],"author":[{"embeddable":true,"href":"https:\/\/www.vergleich-sofortrente.de\/de\/wp-json\/wp\/v2\/users\/3"}],"replies":[{"embeddable":true,"href":"https:\/\/www.vergleich-sofortrente.de\/de\/wp-json\/wp\/v2\/comments?post=2339"}],"version-history":[{"count":5,"href":"https:\/\/www.vergleich-sofortrente.de\/de\/wp-json\/wp\/v2\/pages\/2339\/revisions"}],"predecessor-version":[{"id":4746,"href":"https:\/\/www.vergleich-sofortrente.de\/de\/wp-json\/wp\/v2\/pages\/2339\/revisions\/4746"}],"wp:attachment":[{"href":"https:\/\/www.vergleich-sofortrente.de\/de\/wp-json\/wp\/v2\/media?parent=2339"}],"curies":[{"name":"wp","href":"https:\/\/api.w.org\/{rel}","templated":true}]}}